{"id":667,"date":"2024-02-13T19:48:47","date_gmt":"2024-02-13T18:48:47","guid":{"rendered":"https:\/\/ffa-vfb.ch\/?page_id=667"},"modified":"2024-02-13T20:06:43","modified_gmt":"2024-02-13T19:06:43","slug":"gruyere","status":"publish","type":"page","link":"https:\/\/www.ffa-vfb.ch\/fr\/les-sections\/gruyere\/","title":{"rendered":"Gruy\u00e8re"},"content":{"rendered":"\t\t<div data-elementor-type=\"wp-page\" data-elementor-id=\"667\" class=\"elementor elementor-667\" data-elementor-post-type=\"page\">\n\t\t\t\t<div class=\"elementor-element elementor-element-47dbb18 e-flex e-con-boxed e-con e-parent\" data-id=\"47dbb18\" data-element_type=\"container\" data-e-type=\"container\" data-settings=\"{&quot;jet_parallax_layout_list&quot;:[]}\">\n\t\t\t\t\t<div class=\"e-con-inner\">\n\t\t<div class=\"elementor-element elementor-element-aa51d89 e-con-full e-flex e-con e-child\" data-id=\"aa51d89\" data-element_type=\"container\" data-e-type=\"container\" data-settings=\"{&quot;jet_parallax_layout_list&quot;:[]}\">\n\t\t\t\t<div class=\"elementor-element elementor-element-26775f7 elementor-widget elementor-widget-heading\" data-id=\"26775f7\" data-element_type=\"widget\" data-e-type=\"widget\" data-widget_type=\"heading.default\">\n\t\t\t\t<div class=\"elementor-widget-container\">\n\t\t\t\t\t<h1 class=\"elementor-heading-title elementor-size-default\">Soci\u00e9t\u00e9 d'apiculture de la Gruy\u00e8re<\/h1>\t\t\t\t<\/div>\n\t\t\t\t<\/div>\n\t\t\t\t<div class=\"elementor-element elementor-element-918046b elementor-widget elementor-widget-text-editor\" data-id=\"918046b\" data-element_type=\"widget\" data-e-type=\"widget\" data-widget_type=\"text-editor.default\">\n\t\t\t\t<div class=\"elementor-widget-container\">\n\t\t\t\t\t\t\t\t\tLa Soci\u00e9t\u00e9 d\u2019Apiculture de La Gruy\u00e8re (SAG) compte plus de 180 membres actifs et une quarantaine de membres amis. Que vous soyez apiculteur chevronn\u00e9 ou d\u00e9butant, la soci\u00e9t\u00e9 vous propose diff\u00e9rents rendez-vous au fil des saisons (conf\u00e9rences, pr\u00e9sentations ou encore visite de ruchers).\t\t\t\t\t\t\t\t<\/div>\n\t\t\t\t<\/div>\n\t\t\t\t<\/div>\n\t\t<div class=\"elementor-element elementor-element-d9268c6 e-con-full e-flex e-con e-child\" data-id=\"d9268c6\" data-element_type=\"container\" data-e-type=\"container\" data-settings=\"{&quot;jet_parallax_layout_list&quot;:[]}\">\n\t\t\t\t<div class=\"elementor-element elementor-element-28b7313 elementor-widget elementor-widget-image\" data-id=\"28b7313\" data-element_type=\"widget\" data-e-type=\"widget\" data-widget_type=\"image.default\">\n\t\t\t\t<div class=\"elementor-widget-container\">\n\t\t\t\t\t\t\t\t\t\t\t\t\t\t\t<img loading=\"lazy\" decoding=\"async\" width=\"300\" height=\"300\" src=\"https:\/\/www.ffa-vfb.ch\/wp-content\/uploads\/2024\/02\/LogoSApiculture-Coul-300x300.jpg\" class=\"attachment-medium size-medium wp-image-668\" alt=\"\" srcset=\"https:\/\/www.ffa-vfb.ch\/wp-content\/uploads\/2024\/02\/LogoSApiculture-Coul-300x300.jpg 300w, https:\/\/www.ffa-vfb.ch\/wp-content\/uploads\/2024\/02\/LogoSApiculture-Coul-150x150.jpg 150w, https:\/\/www.ffa-vfb.ch\/wp-content\/uploads\/2024\/02\/LogoSApiculture-Coul.jpg 600w\" sizes=\"auto, (max-width: 300px) 100vw, 300px\" \/>\t\t\t\t\t\t\t\t\t\t\t\t\t\t\t<\/div>\n\t\t\t\t<\/div>\n\t\t\t\t<\/div>\n\t\t\t\t\t<\/div>\n\t\t\t\t<\/div>\n\t\t<div class=\"elementor-element elementor-element-e3ac2da e-flex e-con-boxed e-con e-parent\" data-id=\"e3ac2da\" data-element_type=\"container\" data-e-type=\"container\" data-settings=\"{&quot;jet_parallax_layout_list&quot;:[]}\">\n\t\t\t\t\t<div class=\"e-con-inner\">\n\t\t\t\t<div class=\"elementor-element elementor-element-f19e19a elementor-widget elementor-widget-heading\" data-id=\"f19e19a\" data-element_type=\"widget\" data-e-type=\"widget\" data-widget_type=\"heading.default\">\n\t\t\t\t<div class=\"elementor-widget-container\">\n\t\t\t\t\t<h2 class=\"elementor-heading-title elementor-size-default\">Le comit\u00e9 de la Gruy\u00e8re<\/h2>\t\t\t\t<\/div>\n\t\t\t\t<\/div>\n\t\t\t\t<div class=\"elementor-element elementor-element-c64542e elementor-widget elementor-widget-shortcode\" data-id=\"c64542e\" data-element_type=\"widget\" data-e-type=\"widget\" data-widget_type=\"shortcode.default\">\n\t\t\t\t<div class=\"elementor-widget-container\">\n\t\t\t\t\t\t\t<div class=\"elementor-shortcode\"><div class=\"webling_memberlist \"><table class=\"webling_memberlist-table\"><tr><th>Pr\u00e9nom<\/th><th>Nom<\/th><th>Fonctions (section)<\/th><th>Mobile<\/th><th>E-Mail<\/th><\/tr><tr><td>G\u00e9rald\u00a0<\/td><td>Ruffieux<\/td><td>5. Comit\u00e9<\/td><td>+41791732874<\/td><td><a href=\"mailto:gerald.ruffieux@bluewin.ch\" target=\"_blank\">gerald.ruffieux@bluewin.ch<\/a><\/td><\/tr><tr><td>Laura<\/td><td>Berset<\/td><td>5. Comit\u00e9<\/td><td>+41786018310<\/td><td><a href=\"mailto:laura.berset@gmail.com\" target=\"_blank\">laura.berset@gmail.com<\/a><\/td><\/tr><tr><td>Jean-Claude<\/td><td>Balmer<\/td><td>5. Comit\u00e9<\/td><td>+41796061256<\/td><td><a href=\"mailto:jcbal@bluewin.ch\" target=\"_blank\">jcbal@bluewin.ch<\/a><\/td><\/tr><tr><td>Xavier\u00a0<\/td><td>Gremaud<\/td><td>1. Pr\u00e9sident<\/td><td>+41 79 348 72 55<\/td><td><a href=\"mailto:gremaud@bull-jardin.ch\" target=\"_blank\">gremaud@bull-jardin.ch<\/a><\/td><\/tr><tr><td>Laurent<\/td><td>Scheurer<\/td><td>2. Vice-Pr\u00e9sident<\/td><td>+41792874070<\/td><td><a href=\"mailto:laurent.scheurer@bluemail.ch\" target=\"_blank\">laurent.scheurer@bluemail.ch<\/a><\/td><\/tr><tr><td>Pierre-Andr\u00e9<\/td><td>Barras<\/td><td>3. Caissier<\/td><td>+41 79 348 76 45<\/td><td><a href=\"mailto:pa.barras@bluewin.ch\" target=\"_blank\">pa.barras@bluewin.ch<\/a><\/td><\/tr><tr><td>Valentine<\/td><td>Kamm<\/td><td>4. Secr\u00e9taire<\/td><td>+41796627315<\/td><td><a href=\"mailto:val-kam@hotmail.com\" target=\"_blank\">val-kam@hotmail.com<\/a><\/td><\/tr><\/table><\/div><\/div>\n\t\t\t\t\t\t<\/div>\n\t\t\t\t<\/div>\n\t\t\t\t\t<\/div>\n\t\t\t\t<\/div>\n\t\t<div class=\"elementor-element elementor-element-cb95801 e-flex e-con-boxed e-con e-parent\" data-id=\"cb95801\" data-element_type=\"container\" data-e-type=\"container\" data-settings=\"{&quot;jet_parallax_layout_list&quot;:[]}\">\n\t\t\t\t\t<div class=\"e-con-inner\">\n\t\t\t\t<div class=\"elementor-element elementor-element-2bc0468 elementor-widget elementor-widget-heading\" data-id=\"2bc0468\" data-element_type=\"widget\" data-e-type=\"widget\" data-widget_type=\"heading.default\">\n\t\t\t\t<div class=\"elementor-widget-container\">\n\t\t\t\t\t<h2 class=\"elementor-heading-title elementor-size-default\">Inscription \u00e0 la section de la Gruy\u00e8re<\/h2>\t\t\t\t<\/div>\n\t\t\t\t<\/div>\n\t\t\t\t<div class=\"elementor-element elementor-element-74e17d3 elementor-blockquote--skin-border elementor-widget elementor-widget-blockquote\" data-id=\"74e17d3\" data-element_type=\"widget\" data-e-type=\"widget\" data-widget_type=\"blockquote.default\">\n\t\t\t\t<div class=\"elementor-widget-container\">\n\t\t\t\t\t\t\t<blockquote class=\"elementor-blockquote\">\n\t\t\t<p class=\"elementor-blockquote__content\">\n\t\t\t\tSi vous \u00eates d\u00e9j\u00e0 membre d\u2019une autre section apicole de la FFA, et que vous d\u00e9sirez devenir membre-ami de la section, pri\u00e8re de contacter le secr\u00e9tariat  Mail\t\t\t<\/p>\n\t\t\t\t\t<\/blockquote>\n\t\t\t\t\t\t<\/div>\n\t\t\t\t<\/div>\n\t\t\t\t\t<\/div>\n\t\t\t\t<\/div>\n\t\t<div class=\"elementor-element elementor-element-24eabc2 e-flex e-con-boxed e-con e-parent\" data-id=\"24eabc2\" data-element_type=\"container\" data-e-type=\"container\" data-settings=\"{&quot;jet_parallax_layout_list&quot;:[]}\">\n\t\t\t\t\t<div class=\"e-con-inner\">\n\t\t<div class=\"elementor-element elementor-element-5a92758 e-con-full e-flex e-con e-child\" data-id=\"5a92758\" data-element_type=\"container\" data-e-type=\"container\" data-settings=\"{&quot;jet_parallax_layout_list&quot;:[]}\">\n\t\t\t\t<div class=\"elementor-element elementor-element-6af083a elementor-widget elementor-widget-heading\" data-id=\"6af083a\" data-element_type=\"widget\" data-e-type=\"widget\" data-widget_type=\"heading.default\">\n\t\t\t\t<div class=\"elementor-widget-container\">\n\t\t\t\t\t<h3 class=\"elementor-heading-title elementor-size-default\">Ajoutez votre titre ici<\/h3>\t\t\t\t<\/div>\n\t\t\t\t<\/div>\n\t\t\t\t<div class=\"elementor-element elementor-element-1ec4197 elementor-widget elementor-widget-jet-table\" data-id=\"1ec4197\" data-element_type=\"widget\" data-e-type=\"widget\" data-widget_type=\"jet-table.default\">\n\t\t\t\t<div class=\"elementor-widget-container\">\n\t\t\t\t\t<div class=\"elementor-jet-table jet-elements\">\n\t\t<div class=\"jet-table-wrapper\">\n\t\t\t<table class=\"jet-table jet-table--fa5-compat\">\n\t\t\t\t<thead class=\"jet-table__head\"><tr class=\"jet-table__head-row\"><th class=\"jet-table__cell elementor-repeater-item-b302c8a jet-table__head-cell\" scope=\"col\"><div class=\"jet-table__cell-inner\"><div class=\"jet-table__cell-content\"><div class=\"jet-table__cell-text\">Cotisation<\/div><\/div><\/div><\/th><th class=\"jet-table__cell elementor-repeater-item-9fb30da jet-table__head-cell\" scope=\"col\"><div class=\"jet-table__cell-inner\"><div class=\"jet-table__cell-content\"><div class=\"jet-table__cell-text\">Montant<\/div><\/div><\/div><\/th><\/tr><\/thead>\n\t\t\t\t\t\t\t\t<tfoot class=\"jet-table__foot\"><tr class=\"jet-table__foot-row\"><th class=\"jet-table__cell elementor-repeater-item-43013fd jet-table__foot-cell\" scope=\"col\"><div class=\"jet-table__cell-inner\"><div class=\"jet-table__cell-content\"><div class=\"jet-table__cell-text\">Total par an<\/div><\/div><\/div><\/th><th class=\"jet-table__cell elementor-repeater-item-314c98b jet-table__foot-cell\" scope=\"col\"><div class=\"jet-table__cell-inner\"><div class=\"jet-table__cell-content\"><div class=\"jet-table__cell-text\">CHF 100.&#8211; \/ an<\/div><\/div><\/div><\/th><\/tr><\/tfoot>\n\t\t\t\t\t\t\t\t<tbody class=\"jet-table__body jet-table__body_no-border-radius\"><tr class=\"jet-table__body-row elementor-repeater-item-60ac48f\"><td class=\"jet-table__cell elementor-repeater-item-1bec485 jet-table__body-cell\"><div class=\"jet-table__cell-inner\"><div class=\"jet-table__cell-content\"><div class=\"jet-table__cell-text\">Section<\/div><\/div><\/div><\/td><td class=\"jet-table__cell elementor-repeater-item-eb1f2ed jet-table__body-cell\"><div class=\"jet-table__cell-inner\"><div class=\"jet-table__cell-content\"><div class=\"jet-table__cell-text\">CHF 41.&#8211; \/ an<\/div><\/div><\/div><\/td><\/tr><tr class=\"jet-table__body-row elementor-repeater-item-6d67673\"><td class=\"jet-table__cell elementor-repeater-item-77ff700 jet-table__body-cell\"><div class=\"jet-table__cell-inner\"><div class=\"jet-table__cell-content\"><div class=\"jet-table__cell-text\">FFA &#8211; F\u00e9d\u00e9ration fribourgeoise d&rsquo;apiculture<\/div><\/div><\/div><\/td><td class=\"jet-table__cell elementor-repeater-item-a1f24c9 jet-table__body-cell\"><div class=\"jet-table__cell-inner\"><div class=\"jet-table__cell-content\"><div class=\"jet-table__cell-text\">CHF 2.&#8211; \/ an<\/div><\/div><\/div><\/td><\/tr><tr class=\"jet-table__body-row elementor-repeater-item-99dc407\"><td class=\"jet-table__cell elementor-repeater-item-10d1c95 jet-table__body-cell\"><div class=\"jet-table__cell-inner\"><div class=\"jet-table__cell-content\"><div class=\"jet-table__cell-text\">FFA &#8211; pour la vulgarisation<\/div><\/div><\/div><\/td><td class=\"jet-table__cell elementor-repeater-item-d4b2339 jet-table__body-cell\"><div class=\"jet-table__cell-inner\"><div class=\"jet-table__cell-content\"><div class=\"jet-table__cell-text\">CHF 4.&#8211; \/ an<\/div><\/div><\/div><\/td><\/tr><tr class=\"jet-table__body-row elementor-repeater-item-fbfe68f\"><td class=\"jet-table__cell elementor-repeater-item-37cc38f jet-table__body-cell\"><div class=\"jet-table__cell-inner\"><div class=\"jet-table__cell-content\"><div class=\"jet-table__cell-text\">SAR<\/div><\/div><\/div><\/td><td class=\"jet-table__cell elementor-repeater-item-abd9760 jet-table__body-cell\"><div class=\"jet-table__cell-inner\"><div class=\"jet-table__cell-content\"><div class=\"jet-table__cell-text\">CHF 53.&#8211; \/ an<\/div><\/div><\/div><\/td><\/tr><\/tbody>\n\t\t\t<\/table>\n\t\t<\/div>\n\n\t\t<\/div>\t\t\t\t<\/div>\n\t\t\t\t<\/div>\n\t\t\t\t<div class=\"elementor-element elementor-element-b33f3de elementor-align-center elementor-widget elementor-widget-button\" data-id=\"b33f3de\" data-element_type=\"widget\" data-e-type=\"widget\" data-widget_type=\"button.default\">\n\t\t\t\t<div class=\"elementor-widget-container\">\n\t\t\t\t\t\t\t\t\t<div class=\"elementor-button-wrapper\">\n\t\t\t\t\t<a class=\"elementor-button elementor-button-link elementor-size-md\" href=\"https:\/\/abeilles.webling.ch\/forms\/memberform\/86ebf81eae791ccedfb8\" target=\"_blank\" rel=\"noopener\">\n\t\t\t\t\t\t<span class=\"elementor-button-content-wrapper\">\n\t\t\t\t\t\t<span class=\"elementor-button-icon\">\n\t\t\t\t<svg aria-hidden=\"true\" class=\"e-font-icon-svg e-far-handshake\" viewBox=\"0 0 640 512\" xmlns=\"http:\/\/www.w3.org\/2000\/svg\"><path d=\"M519.2 127.9l-47.6-47.6A56.252 56.252 0 0 0 432 64H205.2c-14.8 0-29.1 5.9-39.6 16.3L118 127.9H0v255.7h64c17.6 0 31.8-14.2 31.9-31.7h9.1l84.6 76.4c30.9 25.1 73.8 25.7 105.6 3.8 12.5 10.8 26 15.9 41.1 15.9 18.2 0 35.3-7.4 48.8-24 22.1 8.7 48.2 2.6 64-16.8l26.2-32.3c5.6-6.9 9.1-14.8 10.9-23h57.9c.1 17.5 14.4 31.7 31.9 31.7h64V127.9H519.2zM48 351.6c-8.8 0-16-7.2-16-16s7.2-16 16-16 16 7.2 16 16c0 8.9-7.2 16-16 16zm390-6.9l-26.1 32.2c-2.8 3.4-7.8 4-11.3 1.2l-23.9-19.4-30 36.5c-6 7.3-15 4.8-18 2.4l-36.8-31.5-15.6 19.2c-13.9 17.1-39.2 19.7-55.3 6.6l-97.3-88H96V175.8h41.9l61.7-61.6c2-.8 3.7-1.5 5.7-2.3H262l-38.7 35.5c-29.4 26.9-31.1 72.3-4.4 101.3 14.8 16.2 61.2 41.2 101.5 4.4l8.2-7.5 108.2 87.8c3.4 2.8 3.9 7.9 1.2 11.3zm106-40.8h-69.2c-2.3-2.8-4.9-5.4-7.7-7.7l-102.7-83.4 12.5-11.4c6.5-6 7-16.1 1-22.6L367 167.1c-6-6.5-16.1-6.9-22.6-1l-55.2 50.6c-9.5 8.7-25.7 9.4-34.6 0-9.3-9.9-8.5-25.1 1.2-33.9l65.6-60.1c7.4-6.8 17-10.5 27-10.5l83.7-.2c2.1 0 4.1.8 5.5 2.3l61.7 61.6H544v128zm48 47.7c-8.8 0-16-7.2-16-16s7.2-16 16-16 16 7.2 16 16c0 8.9-7.2 16-16 16z\"><\/path><\/svg>\t\t\t<\/span>\n\t\t\t\t\t\t\t\t\t<span class=\"elementor-button-text\">Devenir membre!<\/span>\n\t\t\t\t\t<\/span>\n\t\t\t\t\t<\/a>\n\t\t\t\t<\/div>\n\t\t\t\t\t\t\t\t<\/div>\n\t\t\t\t<\/div>\n\t\t\t\t<\/div>\n\t\t<div class=\"elementor-element elementor-element-18dbc38 e-con-full e-flex e-con e-child\" data-id=\"18dbc38\" data-element_type=\"container\" data-e-type=\"container\" data-settings=\"{&quot;jet_parallax_layout_list&quot;:[]}\">\n\t\t\t\t<div class=\"elementor-element elementor-element-5960bb4 elementor-widget elementor-widget-heading\" data-id=\"5960bb4\" data-element_type=\"widget\" data-e-type=\"widget\" data-widget_type=\"heading.default\">\n\t\t\t\t<div class=\"elementor-widget-container\">\n\t\t\t\t\t<h4 class=\"elementor-heading-title elementor-size-default\">Liens utiles<\/h4>\t\t\t\t<\/div>\n\t\t\t\t<\/div>\n\t\t\t\t<div class=\"elementor-element elementor-element-cfe2c1d elementor-widget elementor-widget-text-editor\" data-id=\"cfe2c1d\" data-element_type=\"widget\" data-e-type=\"widget\" data-widget_type=\"text-editor.default\">\n\t\t\t\t<div class=\"elementor-widget-container\">\n\t\t\t\t\t\t\t\t\t<ul><li><a href=\"https:\/\/www.ffa-vfb.ch\/download\/statuts-gruyere\/\" target=\"_blank\" rel=\"noopener\">Statuts de la section<\/a><\/li><li><a href=\"https:\/\/abeilles-gruyere.ch\/\" target=\"_blank\" rel=\"noopener\">Page web de la Gruy\u00e8re<\/a><\/li><li><a title=\"Portail des membres FAVR\" href=\"https:\/\/abeilles.webling.ch\/portal?lang=fr#\/\" target=\"_blank\" rel=\"noopener\">Portail des membres FFA<\/a><\/li><li><span style=\"background-color: transparent; color: var( --e-global-color-text ); font-family: var( --e-global-typography-text-font-family ), Sans-serif; font-weight: var( --e-global-typography-text-font-weight ); text-align: var(--text-align);\"><a href=\"https:\/\/abeilles.ch\" target=\"_blank\" rel=\"noopener\">SAR\u00a0<\/a><\/span><\/li><li><a title=\"Assurances SAR\" href=\"https:\/\/abeilles.ch\/apiculture\/outils-et-services\/assurances\/\" target=\"_blank\" rel=\"noopener\">Assurances SAR<\/a><\/li><\/ul>\t\t\t\t\t\t\t\t<\/div>\n\t\t\t\t<\/div>\n\t\t\t\t<\/div>\n\t\t\t\t\t<\/div>\n\t\t\t\t<\/div>\n\t\t<div class=\"elementor-element elementor-element-e921a7f e-flex e-con-boxed e-con e-parent\" data-id=\"e921a7f\" data-element_type=\"container\" data-e-type=\"container\" data-settings=\"{&quot;jet_parallax_layout_list&quot;:[]}\">\n\t\t\t\t\t<div class=\"e-con-inner\">\n\t\t\t\t<div class=\"elementor-element elementor-element-84448f2 elementor-widget elementor-widget-shortcode\" data-id=\"84448f2\" data-element_type=\"widget\" data-e-type=\"widget\" data-widget_type=\"shortcode.default\">\n\t\t\t\t<div class=\"elementor-widget-container\">\n\t\t\t\t\t\t\t<div class=\"elementor-shortcode\"><div class=\"r34ics-ajax-container loading\" id=\"r69fef82bccdced5\" data-view=\"month\" data-view-is-list-style=\"0\" data-view-is-list-long=\"0\" data-args=\"7bdb47b6f6dd1e2a022ff31f98d1b024efd29e4a\" data-js-args=\"{&quot;debug&quot;:null}\">&nbsp;<\/div><\/div>\n\t\t\t\t\t\t<\/div>\n\t\t\t\t<\/div>\n\t\t\t\t\t<\/div>\n\t\t\t\t<\/div>\n\t\t\t\t<\/div>\n\t\t","protected":false},"excerpt":{"rendered":"<p>Soci\u00e9t\u00e9 d&rsquo;apiculture de la Gruy\u00e8re La Soci\u00e9t\u00e9 d\u2019Apiculture de La Gruy\u00e8re (SAG) compte plus de 180 membres actifs et une quarantaine de membres amis. Que vous soyez apiculteur chevronn\u00e9 ou d\u00e9butant, la soci\u00e9t\u00e9 vous propose diff\u00e9rents rendez-vous au fil des saisons (conf\u00e9rences, pr\u00e9sentations ou encore visite de ruchers). Le comit\u00e9 de la Gruy\u00e8re Inscription \u00e0 [&hellip;]<\/p>\n","protected":false},"author":1,"featured_media":434,"parent":24,"menu_order":0,"comment_status":"closed","ping_status":"closed","template":"","meta":{"footnotes":""},"class_list":["post-667","page","type-page","status-publish","has-post-thumbnail","hentry"],"_links":{"self":[{"href":"https:\/\/www.ffa-vfb.ch\/fr\/wp-json\/wp\/v2\/pages\/667","targetHints":{"allow":["GET"]}}],"collection":[{"href":"https:\/\/www.ffa-vfb.ch\/fr\/wp-json\/wp\/v2\/pages"}],"about":[{"href":"https:\/\/www.ffa-vfb.ch\/fr\/wp-json\/wp\/v2\/types\/page"}],"author":[{"embeddable":true,"href":"https:\/\/www.ffa-vfb.ch\/fr\/wp-json\/wp\/v2\/users\/1"}],"replies":[{"embeddable":true,"href":"https:\/\/www.ffa-vfb.ch\/fr\/wp-json\/wp\/v2\/comments?post=667"}],"version-history":[{"count":0,"href":"https:\/\/www.ffa-vfb.ch\/fr\/wp-json\/wp\/v2\/pages\/667\/revisions"}],"up":[{"embeddable":true,"href":"https:\/\/www.ffa-vfb.ch\/fr\/wp-json\/wp\/v2\/pages\/24"}],"wp:featuredmedia":[{"embeddable":true,"href":"https:\/\/www.ffa-vfb.ch\/fr\/wp-json\/wp\/v2\/media\/434"}],"wp:attachment":[{"href":"https:\/\/www.ffa-vfb.ch\/fr\/wp-json\/wp\/v2\/media?parent=667"}],"curies":[{"name":"wp","href":"https:\/\/api.w.org\/{rel}","templated":true}]}}