{"id":513,"date":"2024-02-10T08:49:57","date_gmt":"2024-02-10T07:49:57","guid":{"rendered":"https:\/\/ffa-vfb.ch\/?page_id=513"},"modified":"2024-05-13T13:34:43","modified_gmt":"2024-05-13T11:34:43","slug":"imkerverein-deutschfreiburger-seebezirk","status":"publish","type":"page","link":"https:\/\/www.ffa-vfb.ch\/fr\/les-sections\/imkerverein-deutschfreiburger-seebezirk\/","title":{"rendered":"Deutschfreiburger Seebezirk"},"content":{"rendered":"\t\t<div data-elementor-type=\"wp-page\" data-elementor-id=\"513\" class=\"elementor elementor-513\" data-elementor-post-type=\"page\">\n\t\t\t\t<div class=\"elementor-element elementor-element-47dbb18 e-flex e-con-boxed e-con e-parent\" data-id=\"47dbb18\" data-element_type=\"container\" data-e-type=\"container\" data-settings=\"{&quot;jet_parallax_layout_list&quot;:[]}\">\n\t\t\t\t\t<div class=\"e-con-inner\">\n\t\t<div class=\"elementor-element elementor-element-aa51d89 e-con-full e-flex e-con e-child\" data-id=\"aa51d89\" data-element_type=\"container\" data-e-type=\"container\" data-settings=\"{&quot;jet_parallax_layout_list&quot;:[]}\">\n\t\t\t\t<div class=\"elementor-element elementor-element-26775f7 elementor-widget elementor-widget-heading\" data-id=\"26775f7\" data-element_type=\"widget\" data-e-type=\"widget\" data-widget_type=\"heading.default\">\n\t\t\t\t<div class=\"elementor-widget-container\">\n\t\t\t\t\t<h1 class=\"elementor-heading-title elementor-size-default\">Imkerverein Deutschfreiburger Seebezirk<\/h1>\t\t\t\t<\/div>\n\t\t\t\t<\/div>\n\t\t\t\t<div class=\"elementor-element elementor-element-918046b elementor-widget elementor-widget-text-editor\" data-id=\"918046b\" data-element_type=\"widget\" data-e-type=\"widget\" data-widget_type=\"text-editor.default\">\n\t\t\t\t<div class=\"elementor-widget-container\">\n\t\t\t\t\t\t\t\t\t<p><em>Diese Webseite auf <a href=\"https:\/\/www.ffa-vfb.ch\/de\/die-vereine\/imkerverein-deutschfreiburger-seebezirk\/\">Deutsch<\/a> umstellen.<\/em><\/p><p>L&rsquo;association d&rsquo;apiculture du district germanophone du Lac a \u00e9t\u00e9 fond\u00e9e en 1955 \u00e0 Morat. Environ 80 apiculteurs et apicultrices s&rsquo;occupent de plus de 540 colonies d&rsquo;abeilles dans notre association. Nous encourageons l&rsquo;apiculture et l&rsquo;\u00e9levage des abeilles dans la r\u00e9gion. Nous essayons d&rsquo;am\u00e9liorer les connaissances des membres sur les abeilles par des conseils et des cours appropri\u00e9s. Le sens et le but de l&rsquo;association sont la camaraderie et le soutien professionnel des membres dans le suivi de leurs colonies d&rsquo;abeilles et la transmission de nouvelles connaissances issues de la recherche apicole. La formation des nouveaux apiculteurs et la formation continue sont \u00e9galement des objectifs importants.<\/p>\t\t\t\t\t\t\t\t<\/div>\n\t\t\t\t<\/div>\n\t\t\t\t<\/div>\n\t\t<div class=\"elementor-element elementor-element-d9268c6 e-con-full e-flex e-con e-child\" data-id=\"d9268c6\" data-element_type=\"container\" data-e-type=\"container\" data-settings=\"{&quot;jet_parallax_layout_list&quot;:[]}\">\n\t\t\t\t<div class=\"elementor-element elementor-element-28b7313 elementor-widget elementor-widget-image\" data-id=\"28b7313\" data-element_type=\"widget\" data-e-type=\"widget\" data-widget_type=\"image.default\">\n\t\t\t\t<div class=\"elementor-widget-container\">\n\t\t\t\t\t\t\t\t\t\t\t\t\t\t\t<img loading=\"lazy\" decoding=\"async\" width=\"260\" height=\"94\" src=\"https:\/\/www.ffa-vfb.ch\/wp-content\/uploads\/2024\/02\/Logo-Imkerverein-See.png\" class=\"attachment-large size-large wp-image-503\" alt=\"\" \/>\t\t\t\t\t\t\t\t\t\t\t\t\t\t\t<\/div>\n\t\t\t\t<\/div>\n\t\t\t\t<\/div>\n\t\t\t\t\t<\/div>\n\t\t\t\t<\/div>\n\t\t<div class=\"elementor-element elementor-element-e3ac2da e-flex e-con-boxed e-con e-parent\" data-id=\"e3ac2da\" data-element_type=\"container\" data-e-type=\"container\" data-settings=\"{&quot;jet_parallax_layout_list&quot;:[]}\">\n\t\t\t\t\t<div class=\"e-con-inner\">\n\t\t\t\t<div class=\"elementor-element elementor-element-f19e19a elementor-widget elementor-widget-heading\" data-id=\"f19e19a\" data-element_type=\"widget\" data-e-type=\"widget\" data-widget_type=\"heading.default\">\n\t\t\t\t<div class=\"elementor-widget-container\">\n\t\t\t\t\t<h2 class=\"elementor-heading-title elementor-size-default\">Comit\u00e9<\/h2>\t\t\t\t<\/div>\n\t\t\t\t<\/div>\n\t\t\t\t<div class=\"elementor-element elementor-element-7e0d30a elementor-widget elementor-widget-text-editor\" data-id=\"7e0d30a\" data-element_type=\"widget\" data-e-type=\"widget\" data-widget_type=\"text-editor.default\">\n\t\t\t\t<div class=\"elementor-widget-container\">\n\t\t\t\t\t\t\t\t\t<p>Le comit\u00e9 de la soci\u00e9t\u00e9 d&rsquo;apiculture du district du lac de Fribourg al\u00e9manique se compose de sept membres. Les coordonn\u00e9es se trouvent ici :<\/p><ul><li><a href=\"https:\/\/www.imker-seebezirk.ch\/verein#vorstand\" target=\"_blank\" rel=\"noopener\">Imkerverein Deutschfreiburger Seebezirk &#8211; Vorstand<\/a><\/li><\/ul>\t\t\t\t\t\t\t\t<\/div>\n\t\t\t\t<\/div>\n\t\t\t\t\t<\/div>\n\t\t\t\t<\/div>\n\t\t<div class=\"elementor-element elementor-element-1a80d33 e-flex e-con-boxed e-con e-parent\" data-id=\"1a80d33\" data-element_type=\"container\" data-e-type=\"container\" data-settings=\"{&quot;jet_parallax_layout_list&quot;:[]}\">\n\t\t\t\t\t<div class=\"e-con-inner\">\n\t\t\t\t<div class=\"elementor-element elementor-element-90b242b elementor-widget elementor-widget-heading\" data-id=\"90b242b\" data-element_type=\"widget\" data-e-type=\"widget\" data-widget_type=\"heading.default\">\n\t\t\t\t<div class=\"elementor-widget-container\">\n\t\t\t\t\t<h2 class=\"elementor-heading-title elementor-size-default\">Cours de base pour les germanophones<\/h2>\t\t\t\t<\/div>\n\t\t\t\t<\/div>\n\t\t\t\t<div class=\"elementor-element elementor-element-33dced1 elementor-widget elementor-widget-text-editor\" data-id=\"33dced1\" data-element_type=\"widget\" data-e-type=\"widget\" data-widget_type=\"text-editor.default\">\n\t\t\t\t<div class=\"elementor-widget-container\">\n\t\t\t\t\t\t\t\t\t<p>Actuellement, les inscriptions au nouveau cours de base pour nouveaux apiculteurs sont en cours et devraient commencer en janvier\/f\u00e9vrier 2025. Inscription et informations \u00e0 cette adresse :<\/p><ul><li><a href=\"https:\/\/www.imker-seebezirk.ch\/ausbildung\/imkergrundkurse\" target=\"_blank\" rel=\"noopener\">Imkerverein Deutschfreiburger Seebezirk &#8211; Imkergrundkurse<\/a><\/li><\/ul>\t\t\t\t\t\t\t\t<\/div>\n\t\t\t\t<\/div>\n\t\t\t\t\t<\/div>\n\t\t\t\t<\/div>\n\t\t<div class=\"elementor-element elementor-element-4733be4 e-flex e-con-boxed e-con e-parent\" data-id=\"4733be4\" data-element_type=\"container\" data-e-type=\"container\" data-settings=\"{&quot;jet_parallax_layout_list&quot;:[]}\">\n\t\t\t\t\t<div class=\"e-con-inner\">\n\t\t\t\t<div class=\"elementor-element elementor-element-9c9f83a elementor-widget elementor-widget-heading\" data-id=\"9c9f83a\" data-element_type=\"widget\" data-e-type=\"widget\" data-widget_type=\"heading.default\">\n\t\t\t\t<div class=\"elementor-widget-container\">\n\t\t\t\t\t<h2 class=\"elementor-heading-title elementor-size-default\">Calendrier de la formation continue et des \u00e9v\u00e9nements<\/h2>\t\t\t\t<\/div>\n\t\t\t\t<\/div>\n\t\t\t\t<div class=\"elementor-element elementor-element-8aa6b2b elementor-widget elementor-widget-shortcode\" data-id=\"8aa6b2b\" data-element_type=\"widget\" data-e-type=\"widget\" data-widget_type=\"shortcode.default\">\n\t\t\t\t<div class=\"elementor-widget-container\">\n\t\t\t\t\t\t\t<div class=\"elementor-shortcode\"><div class=\"r34ics-ajax-container loading\" id=\"r69fef80badd62c7\" data-view=\"month\" data-view-is-list-style=\"0\" data-view-is-list-long=\"0\" data-args=\"a43b2275715dcb77c5662a4d42adf0260f4ae3a0\" data-js-args=\"{&quot;debug&quot;:null}\">&nbsp;<\/div><\/div>\n\t\t\t\t\t\t<\/div>\n\t\t\t\t<\/div>\n\t\t\t\t\t<\/div>\n\t\t\t\t<\/div>\n\t\t\t\t<\/div>\n\t\t","protected":false},"excerpt":{"rendered":"<p>Imkerverein Deutschfreiburger Seebezirk Diese Webseite auf Deutsch umstellen. L&rsquo;association d&rsquo;apiculture du district germanophone du Lac a \u00e9t\u00e9 fond\u00e9e en 1955 \u00e0 Morat. Environ 80 apiculteurs et apicultrices s&rsquo;occupent de plus de 540 colonies d&rsquo;abeilles dans notre association. Nous encourageons l&rsquo;apiculture et l&rsquo;\u00e9levage des abeilles dans la r\u00e9gion. Nous essayons d&rsquo;am\u00e9liorer les connaissances des membres sur [&hellip;]<\/p>\n","protected":false},"author":1,"featured_media":434,"parent":24,"menu_order":0,"comment_status":"closed","ping_status":"closed","template":"","meta":{"footnotes":""},"class_list":["post-513","page","type-page","status-publish","has-post-thumbnail","hentry"],"_links":{"self":[{"href":"https:\/\/www.ffa-vfb.ch\/fr\/wp-json\/wp\/v2\/pages\/513","targetHints":{"allow":["GET"]}}],"collection":[{"href":"https:\/\/www.ffa-vfb.ch\/fr\/wp-json\/wp\/v2\/pages"}],"about":[{"href":"https:\/\/www.ffa-vfb.ch\/fr\/wp-json\/wp\/v2\/types\/page"}],"author":[{"embeddable":true,"href":"https:\/\/www.ffa-vfb.ch\/fr\/wp-json\/wp\/v2\/users\/1"}],"replies":[{"embeddable":true,"href":"https:\/\/www.ffa-vfb.ch\/fr\/wp-json\/wp\/v2\/comments?post=513"}],"version-history":[{"count":0,"href":"https:\/\/www.ffa-vfb.ch\/fr\/wp-json\/wp\/v2\/pages\/513\/revisions"}],"up":[{"embeddable":true,"href":"https:\/\/www.ffa-vfb.ch\/fr\/wp-json\/wp\/v2\/pages\/24"}],"wp:featuredmedia":[{"embeddable":true,"href":"https:\/\/www.ffa-vfb.ch\/fr\/wp-json\/wp\/v2\/media\/434"}],"wp:attachment":[{"href":"https:\/\/www.ffa-vfb.ch\/fr\/wp-json\/wp\/v2\/media?parent=513"}],"curies":[{"name":"wp","href":"https:\/\/api.w.org\/{rel}","templated":true}]}}