{"id":40,"date":"2024-02-06T10:09:31","date_gmt":"2024-02-06T08:09:31","guid":{"rendered":"https:\/\/ffa-vfb.ksite.ch\/?page_id=40"},"modified":"2024-02-10T15:10:47","modified_gmt":"2024-02-10T14:10:47","slug":"buckfast","status":"publish","type":"page","link":"https:\/\/www.ffa-vfb.ch\/fr\/elevage\/buckfast\/","title":{"rendered":"Buckfast"},"content":{"rendered":"\t\t<div data-elementor-type=\"wp-page\" data-elementor-id=\"40\" class=\"elementor elementor-40\" data-elementor-post-type=\"page\">\n\t\t\t\t<div class=\"elementor-element elementor-element-82e415f e-flex e-con-boxed e-con e-parent\" data-id=\"82e415f\" data-element_type=\"container\" data-e-type=\"container\" data-settings=\"{&quot;jet_parallax_layout_list&quot;:[]}\">\n\t\t\t\t\t<div class=\"e-con-inner\">\n\t\t<div class=\"elementor-element elementor-element-5fd95b8 e-con-full e-flex e-con e-child\" data-id=\"5fd95b8\" data-element_type=\"container\" data-e-type=\"container\" data-settings=\"{&quot;jet_parallax_layout_list&quot;:[]}\">\n\t\t\t\t<div class=\"elementor-element elementor-element-bfc12aa elementor-widget elementor-widget-heading\" data-id=\"bfc12aa\" data-element_type=\"widget\" data-e-type=\"widget\" data-widget_type=\"heading.default\">\n\t\t\t\t<div class=\"elementor-widget-container\">\n\t\t\t\t\t<h2 class=\"elementor-heading-title elementor-size-default\">L'abeille Buckfast<\/h2>\t\t\t\t<\/div>\n\t\t\t\t<\/div>\n\t\t\t\t<div class=\"elementor-element elementor-element-cf7b6e8 elementor-widget elementor-widget-text-editor\" data-id=\"cf7b6e8\" data-element_type=\"widget\" data-e-type=\"widget\" data-widget_type=\"text-editor.default\">\n\t\t\t\t<div class=\"elementor-widget-container\">\n\t\t\t\t\t\t\t\t\t<p>L&rsquo;abeille Buckfast est une race d&rsquo;abeilles issue de croisements de plusieurs souches d&rsquo;apis mellifera mise au point en Angleterre par le moine B\u00e9n\u00e9dictin Fr\u00e8re Adam, de son nom de naissance Karl Kehrle (1898-1996). Il s&rsquo;agissait pour lui d&rsquo;am\u00e9liorer la race locale d\u00e9cim\u00e9e par la maladie de l&rsquo;acariose des trach\u00e9es. Il prit comme croisement de base l&rsquo;abeille noire et l&rsquo;abeille italienne et mit au point l&rsquo;\u00e9levage par combinaisons chez l&rsquo;abeille.<\/p><p>L&rsquo;abeille Buckfast est r\u00e9put\u00e9e douce et productive et peu essaimeuse. De nombreux apiculteurs professionnels de France, d&rsquo;Allemagne et d&rsquo;Autriche l&rsquo;\u00e9l\u00e8vent actuellement.<\/p><p>Dans le canton de Fribourg, la proportion d&rsquo;abeilles Buckfast est inhomog\u00e8ne et localement importante. On la trouvera surtout dans les districts du Lac Allemand, de la Singine et une partie de la Gruy\u00e8re. On d\u00e9nombre plusieurs stations de f\u00e9condation et plusieurs ins\u00e9minateurs.<\/p><p>Souvent innovants, les apiculteurs Buckfast sont notamment membres du programme Arista de s\u00e9lection d&rsquo;abeilles r\u00e9sistantes au varroa par le comportement VSH.<\/p>\t\t\t\t\t\t\t\t<\/div>\n\t\t\t\t<\/div>\n\t\t\t\t<\/div>\n\t\t<div class=\"elementor-element elementor-element-5024a91 e-con-full e-flex e-con e-child\" data-id=\"5024a91\" data-element_type=\"container\" data-e-type=\"container\" data-settings=\"{&quot;jet_parallax_layout_list&quot;:[]}\">\n\t\t\t\t<div class=\"elementor-element elementor-element-8a135a5 elementor-widget elementor-widget-gallery\" data-id=\"8a135a5\" data-element_type=\"widget\" data-e-type=\"widget\" data-settings=\"{&quot;columns&quot;:3,&quot;lazyload&quot;:&quot;yes&quot;,&quot;gallery_layout&quot;:&quot;grid&quot;,&quot;columns_tablet&quot;:2,&quot;columns_mobile&quot;:1,&quot;gap&quot;:{&quot;unit&quot;:&quot;px&quot;,&quot;size&quot;:10,&quot;sizes&quot;:[]},&quot;gap_tablet&quot;:{&quot;unit&quot;:&quot;px&quot;,&quot;size&quot;:10,&quot;sizes&quot;:[]},&quot;gap_mobile&quot;:{&quot;unit&quot;:&quot;px&quot;,&quot;size&quot;:10,&quot;sizes&quot;:[]},&quot;link_to&quot;:&quot;file&quot;,&quot;aspect_ratio&quot;:&quot;3:2&quot;,&quot;overlay_background&quot;:&quot;yes&quot;,&quot;content_hover_animation&quot;:&quot;fade-in&quot;}\" data-widget_type=\"gallery.default\">\n\t\t\t\t<div class=\"elementor-widget-container\">\n\t\t\t\t\t\t\t<div class=\"elementor-gallery__container\">\n\t\t\t\t\t\t\t<a class=\"e-gallery-item elementor-gallery-item elementor-animated-content\" href=\"https:\/\/www.ffa-vfb.ch\/wp-content\/uploads\/2024\/02\/Buck-Male.jpg\" data-elementor-open-lightbox=\"yes\" data-elementor-lightbox-slideshow=\"8a135a5\" data-elementor-lightbox-title=\"Buck-Male\" data-e-action-hash=\"#elementor-action%3Aaction%3Dlightbox%26settings%3DeyJpZCI6MzE4LCJ1cmwiOiJodHRwczpcL1wvd3d3LmZmYS12ZmIuY2hcL3dwLWNvbnRlbnRcL3VwbG9hZHNcLzIwMjRcLzAyXC9CdWNrLU1hbGUuanBnIiwic2xpZGVzaG93IjoiOGExMzVhNSJ9\">\n\t\t\t\t\t<div class=\"e-gallery-image elementor-gallery-item__image\" data-thumbnail=\"https:\/\/www.ffa-vfb.ch\/wp-content\/uploads\/2024\/02\/Buck-Male-225x300.jpg\" data-width=\"225\" data-height=\"300\" aria-label=\"\" role=\"img\" ><\/div>\n\t\t\t\t\t\t\t\t\t\t\t<div class=\"elementor-gallery-item__overlay\"><\/div>\n\t\t\t\t\t\t\t\t\t\t\t\t\t\t<\/a>\n\t\t\t\t\t\t\t<a class=\"e-gallery-item elementor-gallery-item elementor-animated-content\" href=\"https:\/\/www.ffa-vfb.ch\/wp-content\/uploads\/2024\/02\/Buck-Jeune-Reine.jpg\" data-elementor-open-lightbox=\"yes\" data-elementor-lightbox-slideshow=\"8a135a5\" data-elementor-lightbox-title=\"Buck-Jeune-Reine\" data-e-action-hash=\"#elementor-action%3Aaction%3Dlightbox%26settings%3DeyJpZCI6MzE3LCJ1cmwiOiJodHRwczpcL1wvd3d3LmZmYS12ZmIuY2hcL3dwLWNvbnRlbnRcL3VwbG9hZHNcLzIwMjRcLzAyXC9CdWNrLUpldW5lLVJlaW5lLmpwZyIsInNsaWRlc2hvdyI6IjhhMTM1YTUifQ%3D%3D\">\n\t\t\t\t\t<div class=\"e-gallery-image elementor-gallery-item__image\" data-thumbnail=\"https:\/\/www.ffa-vfb.ch\/wp-content\/uploads\/2024\/02\/Buck-Jeune-Reine-199x300.jpg\" data-width=\"199\" data-height=\"300\" aria-label=\"\" role=\"img\" ><\/div>\n\t\t\t\t\t\t\t\t\t\t\t<div class=\"elementor-gallery-item__overlay\"><\/div>\n\t\t\t\t\t\t\t\t\t\t\t\t\t\t<\/a>\n\t\t\t\t\t\t\t<a class=\"e-gallery-item elementor-gallery-item elementor-animated-content\" href=\"https:\/\/www.ffa-vfb.ch\/wp-content\/uploads\/2024\/02\/MP-Buckfast.webp\" data-elementor-open-lightbox=\"yes\" data-elementor-lightbox-slideshow=\"8a135a5\" data-elementor-lightbox-title=\"MP-Buckfast\" data-e-action-hash=\"#elementor-action%3Aaction%3Dlightbox%26settings%3DeyJpZCI6MzAxLCJ1cmwiOiJodHRwczpcL1wvd3d3LmZmYS12ZmIuY2hcL3dwLWNvbnRlbnRcL3VwbG9hZHNcLzIwMjRcLzAyXC9NUC1CdWNrZmFzdC53ZWJwIiwic2xpZGVzaG93IjoiOGExMzVhNSJ9\">\n\t\t\t\t\t<div class=\"e-gallery-image elementor-gallery-item__image\" data-thumbnail=\"https:\/\/www.ffa-vfb.ch\/wp-content\/uploads\/2024\/02\/MP-Buckfast-226x300.webp\" data-width=\"226\" data-height=\"300\" aria-label=\"\" role=\"img\" ><\/div>\n\t\t\t\t\t\t\t\t\t\t\t<div class=\"elementor-gallery-item__overlay\"><\/div>\n\t\t\t\t\t\t\t\t\t\t\t\t\t\t<\/a>\n\t\t\t\t\t\t\t<a class=\"e-gallery-item elementor-gallery-item elementor-animated-content\" href=\"https:\/\/www.ffa-vfb.ch\/wp-content\/uploads\/2024\/02\/Buck-Apidea.jpg\" data-elementor-open-lightbox=\"yes\" data-elementor-lightbox-slideshow=\"8a135a5\" data-elementor-lightbox-title=\"Buck-Apidea\" data-e-action-hash=\"#elementor-action%3Aaction%3Dlightbox%26settings%3DeyJpZCI6MzEzLCJ1cmwiOiJodHRwczpcL1wvd3d3LmZmYS12ZmIuY2hcL3dwLWNvbnRlbnRcL3VwbG9hZHNcLzIwMjRcLzAyXC9CdWNrLUFwaWRlYS5qcGciLCJzbGlkZXNob3ciOiI4YTEzNWE1In0%3D\">\n\t\t\t\t\t<div class=\"e-gallery-image elementor-gallery-item__image\" data-thumbnail=\"https:\/\/www.ffa-vfb.ch\/wp-content\/uploads\/2024\/02\/Buck-Apidea-300x201.jpg\" data-width=\"300\" data-height=\"201\" aria-label=\"\" role=\"img\" ><\/div>\n\t\t\t\t\t\t\t\t\t\t\t<div class=\"elementor-gallery-item__overlay\"><\/div>\n\t\t\t\t\t\t\t\t\t\t\t\t\t\t<\/a>\n\t\t\t\t\t\t\t<a class=\"e-gallery-item elementor-gallery-item elementor-animated-content\" href=\"https:\/\/www.ffa-vfb.ch\/wp-content\/uploads\/2024\/02\/Buck-cadre-cellules.webp\" data-elementor-open-lightbox=\"yes\" data-elementor-lightbox-slideshow=\"8a135a5\" data-elementor-lightbox-title=\"Buck-cadre-cellules\" data-e-action-hash=\"#elementor-action%3Aaction%3Dlightbox%26settings%3DeyJpZCI6MzE0LCJ1cmwiOiJodHRwczpcL1wvd3d3LmZmYS12ZmIuY2hcL3dwLWNvbnRlbnRcL3VwbG9hZHNcLzIwMjRcLzAyXC9CdWNrLWNhZHJlLWNlbGx1bGVzLndlYnAiLCJzbGlkZXNob3ciOiI4YTEzNWE1In0%3D\">\n\t\t\t\t\t<div class=\"e-gallery-image elementor-gallery-item__image\" data-thumbnail=\"https:\/\/www.ffa-vfb.ch\/wp-content\/uploads\/2024\/02\/Buck-cadre-cellules-300x109.webp\" data-width=\"300\" data-height=\"109\" aria-label=\"\" role=\"img\" ><\/div>\n\t\t\t\t\t\t\t\t\t\t\t<div class=\"elementor-gallery-item__overlay\"><\/div>\n\t\t\t\t\t\t\t\t\t\t\t\t\t\t<\/a>\n\t\t\t\t\t\t\t<a class=\"e-gallery-item elementor-gallery-item elementor-animated-content\" href=\"https:\/\/www.ffa-vfb.ch\/wp-content\/uploads\/2024\/02\/Buck-Comptage-Varroa.jpg\" data-elementor-open-lightbox=\"yes\" data-elementor-lightbox-slideshow=\"8a135a5\" data-elementor-lightbox-title=\"Buck-Comptage-Varroa\" data-e-action-hash=\"#elementor-action%3Aaction%3Dlightbox%26settings%3DeyJpZCI6MzE2LCJ1cmwiOiJodHRwczpcL1wvd3d3LmZmYS12ZmIuY2hcL3dwLWNvbnRlbnRcL3VwbG9hZHNcLzIwMjRcLzAyXC9CdWNrLUNvbXB0YWdlLVZhcnJvYS5qcGciLCJzbGlkZXNob3ciOiI4YTEzNWE1In0%3D\">\n\t\t\t\t\t<div class=\"e-gallery-image elementor-gallery-item__image\" data-thumbnail=\"https:\/\/www.ffa-vfb.ch\/wp-content\/uploads\/2024\/02\/Buck-Comptage-Varroa-225x300.jpg\" data-width=\"225\" data-height=\"300\" aria-label=\"\" role=\"img\" ><\/div>\n\t\t\t\t\t\t\t\t\t\t\t<div class=\"elementor-gallery-item__overlay\"><\/div>\n\t\t\t\t\t\t\t\t\t\t\t\t\t\t<\/a>\n\t\t\t\t\t\t\t<a class=\"e-gallery-item elementor-gallery-item elementor-animated-content\" href=\"https:\/\/www.ffa-vfb.ch\/wp-content\/uploads\/2024\/02\/Buck-MP.jpg\" data-elementor-open-lightbox=\"yes\" data-elementor-lightbox-slideshow=\"8a135a5\" data-elementor-lightbox-title=\"Buck-MP\" data-e-action-hash=\"#elementor-action%3Aaction%3Dlightbox%26settings%3DeyJpZCI6MzE5LCJ1cmwiOiJodHRwczpcL1wvd3d3LmZmYS12ZmIuY2hcL3dwLWNvbnRlbnRcL3VwbG9hZHNcLzIwMjRcLzAyXC9CdWNrLU1QLmpwZyIsInNsaWRlc2hvdyI6IjhhMTM1YTUifQ%3D%3D\">\n\t\t\t\t\t<div class=\"e-gallery-image elementor-gallery-item__image\" data-thumbnail=\"https:\/\/www.ffa-vfb.ch\/wp-content\/uploads\/2024\/02\/Buck-MP-225x300.jpg\" data-width=\"225\" data-height=\"300\" aria-label=\"\" role=\"img\" ><\/div>\n\t\t\t\t\t\t\t\t\t\t\t<div class=\"elementor-gallery-item__overlay\"><\/div>\n\t\t\t\t\t\t\t\t\t\t\t\t\t\t<\/a>\n\t\t\t\t\t\t\t<a class=\"e-gallery-item elementor-gallery-item elementor-animated-content\" href=\"https:\/\/www.ffa-vfb.ch\/wp-content\/uploads\/2024\/02\/Buck-Comptage-larve.jpg\" data-elementor-open-lightbox=\"yes\" data-elementor-lightbox-slideshow=\"8a135a5\" data-elementor-lightbox-title=\"Buck-Comptage-larve\" data-e-action-hash=\"#elementor-action%3Aaction%3Dlightbox%26settings%3DeyJpZCI6MzE1LCJ1cmwiOiJodHRwczpcL1wvd3d3LmZmYS12ZmIuY2hcL3dwLWNvbnRlbnRcL3VwbG9hZHNcLzIwMjRcLzAyXC9CdWNrLUNvbXB0YWdlLWxhcnZlLmpwZyIsInNsaWRlc2hvdyI6IjhhMTM1YTUifQ%3D%3D\">\n\t\t\t\t\t<div class=\"e-gallery-image elementor-gallery-item__image\" data-thumbnail=\"https:\/\/www.ffa-vfb.ch\/wp-content\/uploads\/2024\/02\/Buck-Comptage-larve-225x300.jpg\" data-width=\"225\" data-height=\"300\" aria-label=\"\" role=\"img\" ><\/div>\n\t\t\t\t\t\t\t\t\t\t\t<div class=\"elementor-gallery-item__overlay\"><\/div>\n\t\t\t\t\t\t\t\t\t\t\t\t\t\t<\/a>\n\t\t\t\t\t\t\t<a class=\"e-gallery-item elementor-gallery-item elementor-animated-content\" href=\"https:\/\/www.ffa-vfb.ch\/wp-content\/uploads\/2024\/02\/Buck-Station.jpg\" data-elementor-open-lightbox=\"yes\" data-elementor-lightbox-slideshow=\"8a135a5\" data-elementor-lightbox-title=\"Buck-Station\" data-e-action-hash=\"#elementor-action%3Aaction%3Dlightbox%26settings%3DeyJpZCI6MzIxLCJ1cmwiOiJodHRwczpcL1wvd3d3LmZmYS12ZmIuY2hcL3dwLWNvbnRlbnRcL3VwbG9hZHNcLzIwMjRcLzAyXC9CdWNrLVN0YXRpb24uanBnIiwic2xpZGVzaG93IjoiOGExMzVhNSJ9\">\n\t\t\t\t\t<div class=\"e-gallery-image elementor-gallery-item__image\" data-thumbnail=\"https:\/\/www.ffa-vfb.ch\/wp-content\/uploads\/2024\/02\/Buck-Station-300x225.jpg\" data-width=\"300\" data-height=\"225\" aria-label=\"\" role=\"img\" ><\/div>\n\t\t\t\t\t\t\t\t\t\t\t<div class=\"elementor-gallery-item__overlay\"><\/div>\n\t\t\t\t\t\t\t\t\t\t\t\t\t\t<\/a>\n\t\t\t\t\t\t\t<a class=\"e-gallery-item elementor-gallery-item elementor-animated-content\" href=\"https:\/\/www.ffa-vfb.ch\/wp-content\/uploads\/2024\/02\/Buck-Station-3.jpg\" data-elementor-open-lightbox=\"yes\" data-elementor-lightbox-slideshow=\"8a135a5\" data-elementor-lightbox-title=\"Buck-Station-3\" data-e-action-hash=\"#elementor-action%3Aaction%3Dlightbox%26settings%3DeyJpZCI6MTE1LCJ1cmwiOiJodHRwczpcL1wvd3d3LmZmYS12ZmIuY2hcL3dwLWNvbnRlbnRcL3VwbG9hZHNcLzIwMjRcLzAyXC9CdWNrLVN0YXRpb24tMy5qcGciLCJzbGlkZXNob3ciOiI4YTEzNWE1In0%3D\">\n\t\t\t\t\t<div class=\"e-gallery-image elementor-gallery-item__image\" data-thumbnail=\"https:\/\/www.ffa-vfb.ch\/wp-content\/uploads\/2024\/02\/Buck-Station-3-225x300.jpg\" data-width=\"225\" data-height=\"300\" aria-label=\"\" role=\"img\" ><\/div>\n\t\t\t\t\t\t\t\t\t\t\t<div class=\"elementor-gallery-item__overlay\"><\/div>\n\t\t\t\t\t\t\t\t\t\t\t\t\t\t<\/a>\n\t\t\t\t\t<\/div>\n\t\t\t\t\t<\/div>\n\t\t\t\t<\/div>\n\t\t\t\t<\/div>\n\t\t\t\t\t<\/div>\n\t\t\t\t<\/div>\n\t\t<div class=\"elementor-element elementor-element-2eff76b e-flex e-con-boxed e-con e-parent\" data-id=\"2eff76b\" data-element_type=\"container\" data-e-type=\"container\" data-settings=\"{&quot;jet_parallax_layout_list&quot;:[]}\">\n\t\t\t\t\t<div class=\"e-con-inner\">\n\t\t\t\t<div class=\"elementor-element elementor-element-1b2153c elementor-widget elementor-widget-heading\" data-id=\"1b2153c\" data-element_type=\"widget\" data-e-type=\"widget\" data-widget_type=\"heading.default\">\n\t\t\t\t<div class=\"elementor-widget-container\">\n\t\t\t\t\t<h2 class=\"elementor-heading-title elementor-size-default\">Contacts utiles:<\/h2>\t\t\t\t<\/div>\n\t\t\t\t<\/div>\n\t\t\t\t<div class=\"elementor-element elementor-element-a0735f1 elementor-widget elementor-widget-text-editor\" data-id=\"a0735f1\" data-element_type=\"widget\" data-e-type=\"widget\" data-widget_type=\"text-editor.default\">\n\t\t\t\t<div class=\"elementor-widget-container\">\n\t\t\t\t\t\t\t\t\t<ul><li>Groupement d&rsquo;\u00e9levage Singine et Lac allemand, groupement VSH membres germanophones:<ul><li><a href=\"mailto:ruprecht.franziska@sunrise.ch\">Franziska Ruprecht<\/a> ruprecht.franziska@sunrise.ch<\/li><\/ul><\/li><\/ul><ul><li>Groupement de s\u00e9lection du comportement VSH, membres francophones:<ul><li><a href=\"mailto:didier@proapis.ch\">Didier Maillard<\/a> didier@proapis.ch<\/li><\/ul><\/li><\/ul><ul><li>Groupement des \u00e9leveurs de la station de Mol\u00e9son:<ul><li><a href=\"mailto:schneuwly.suter@bluewin.ch\">Marius Schneuwly<\/a> schneuwly.suter@bluewin.ch<\/li><\/ul><\/li><\/ul>\t\t\t\t\t\t\t\t<\/div>\n\t\t\t\t<\/div>\n\t\t\t\t\t<\/div>\n\t\t\t\t<\/div>\n\t\t<div class=\"elementor-element elementor-element-9b90edc e-flex e-con-boxed e-con e-parent\" data-id=\"9b90edc\" data-element_type=\"container\" data-e-type=\"container\" data-settings=\"{&quot;jet_parallax_layout_list&quot;:[]}\">\n\t\t\t\t\t<div class=\"e-con-inner\">\n\t\t\t\t<div class=\"elementor-element elementor-element-5e67243 elementor-widget elementor-widget-heading\" data-id=\"5e67243\" data-element_type=\"widget\" data-e-type=\"widget\" data-widget_type=\"heading.default\">\n\t\t\t\t<div class=\"elementor-widget-container\">\n\t\t\t\t\t<h2 class=\"elementor-heading-title elementor-size-default\">Documents utiles:<\/h2>\t\t\t\t<\/div>\n\t\t\t\t<\/div>\n\t\t\t\t<div class=\"elementor-element elementor-element-62e4ad4 elementor-widget elementor-widget-text-editor\" data-id=\"62e4ad4\" data-element_type=\"widget\" data-e-type=\"widget\" data-widget_type=\"text-editor.default\">\n\t\t\t\t<div class=\"elementor-widget-container\">\n\t\t\t\t\t\t\t\t\t<p>Association suisse de l&rsquo;abeille Buckfast:<\/p><ul><li><a href=\"https:\/\/www.buckfastimker.ch\/fr\/\" target=\"_blank\" rel=\"noopener\">Association Suisse de l\u2019Abeille Buckfast (buckfastimker.ch)<\/a><\/li><\/ul><p>Stations de f\u00e9condation Buckfast:<\/p><ul><li><a href=\"https:\/\/www.buckfastimker.ch\/fr\/stations-de-fecondation\/\" target=\"_blank\" rel=\"noopener\">Stations de f\u00e9condation | Association Suisse de l\u2019Abeille Buckfast (buckfastimker.ch)<\/a><\/li><\/ul><p>Protection de la station de la Dent de Lys:<\/p><ul><li><a href=\"https:\/\/bdlf.fr.ch\/app\/fr\/texts_of_law\/913.4.313\/versions\/5688?all_languages=true&amp;diff=split\" target=\"_blank\" rel=\"noopener\">RSF 913.4.313 &#8211; Ordonnance DIAF concernant la zone de protection de la station de f\u00e9condation de la Dent-de-Lys &#8211; Etat de Fribourg &#8211; Recueil de la l\u00e9gislation<\/a><\/li><\/ul>\t\t\t\t\t\t\t\t<\/div>\n\t\t\t\t<\/div>\n\t\t\t\t\t<\/div>\n\t\t\t\t<\/div>\n\t\t\t\t<\/div>\n\t\t","protected":false},"excerpt":{"rendered":"<p>L&rsquo;abeille Buckfast L&rsquo;abeille Buckfast est une race d&rsquo;abeilles issue de croisements de plusieurs souches d&rsquo;apis mellifera mise au point en Angleterre par le moine B\u00e9n\u00e9dictin Fr\u00e8re Adam, de son nom de naissance Karl Kehrle (1898-1996). Il s&rsquo;agissait pour lui d&rsquo;am\u00e9liorer la race locale d\u00e9cim\u00e9e par la maladie de l&rsquo;acariose des trach\u00e9es. Il prit comme croisement [&hellip;]<\/p>\n","protected":false},"author":1,"featured_media":443,"parent":36,"menu_order":0,"comment_status":"closed","ping_status":"closed","template":"","meta":{"footnotes":""},"class_list":["post-40","page","type-page","status-publish","has-post-thumbnail","hentry"],"_links":{"self":[{"href":"https:\/\/www.ffa-vfb.ch\/fr\/wp-json\/wp\/v2\/pages\/40","targetHints":{"allow":["GET"]}}],"collection":[{"href":"https:\/\/www.ffa-vfb.ch\/fr\/wp-json\/wp\/v2\/pages"}],"about":[{"href":"https:\/\/www.ffa-vfb.ch\/fr\/wp-json\/wp\/v2\/types\/page"}],"author":[{"embeddable":true,"href":"https:\/\/www.ffa-vfb.ch\/fr\/wp-json\/wp\/v2\/users\/1"}],"replies":[{"embeddable":true,"href":"https:\/\/www.ffa-vfb.ch\/fr\/wp-json\/wp\/v2\/comments?post=40"}],"version-history":[{"count":0,"href":"https:\/\/www.ffa-vfb.ch\/fr\/wp-json\/wp\/v2\/pages\/40\/revisions"}],"up":[{"embeddable":true,"href":"https:\/\/www.ffa-vfb.ch\/fr\/wp-json\/wp\/v2\/pages\/36"}],"wp:featuredmedia":[{"embeddable":true,"href":"https:\/\/www.ffa-vfb.ch\/fr\/wp-json\/wp\/v2\/media\/443"}],"wp:attachment":[{"href":"https:\/\/www.ffa-vfb.ch\/fr\/wp-json\/wp\/v2\/media?parent=40"}],"curies":[{"name":"wp","href":"https:\/\/api.w.org\/{rel}","templated":true}]}}