{"id":38,"date":"2024-02-06T10:09:02","date_gmt":"2024-02-06T08:09:02","guid":{"rendered":"https:\/\/ffa-vfb.ksite.ch\/?page_id=38"},"modified":"2024-02-07T16:05:08","modified_gmt":"2024-02-07T15:05:08","slug":"carnica","status":"publish","type":"page","link":"https:\/\/www.ffa-vfb.ch\/fr\/elevage\/carnica\/","title":{"rendered":"Carnica"},"content":{"rendered":"\t\t<div data-elementor-type=\"wp-page\" data-elementor-id=\"38\" class=\"elementor elementor-38\" data-elementor-post-type=\"page\">\n\t\t\t\t<div class=\"elementor-element elementor-element-4ce9da0 e-flex e-con-boxed e-con e-parent\" data-id=\"4ce9da0\" data-element_type=\"container\" data-e-type=\"container\" data-settings=\"{&quot;jet_parallax_layout_list&quot;:[]}\">\n\t\t\t\t\t<div class=\"e-con-inner\">\n\t\t<div class=\"elementor-element elementor-element-45793cb e-con-full e-flex e-con e-child\" data-id=\"45793cb\" data-element_type=\"container\" data-e-type=\"container\" data-settings=\"{&quot;jet_parallax_layout_list&quot;:[]}\">\n\t\t\t\t<div class=\"elementor-element elementor-element-e55d446 elementor-widget elementor-widget-heading\" data-id=\"e55d446\" data-element_type=\"widget\" data-e-type=\"widget\" data-widget_type=\"heading.default\">\n\t\t\t\t<div class=\"elementor-widget-container\">\n\t\t\t\t\t<h2 class=\"elementor-heading-title elementor-size-default\">La station du Petit-Mont\n<\/h2>\t\t\t\t<\/div>\n\t\t\t\t<\/div>\n\t\t\t\t<div class=\"elementor-element elementor-element-6bffa5a elementor-widget elementor-widget-text-editor\" data-id=\"6bffa5a\" data-element_type=\"widget\" data-e-type=\"widget\" data-widget_type=\"text-editor.default\">\n\t\t\t\t<div class=\"elementor-widget-container\">\n\t\t\t\t\t\t\t\t\t<p>Sur les 7 stations Carnica SAR, le canton de Fribourg en compte une. Le Groupement des moniteurs-\u00e9leveurs fribourgeois g\u00e8re la station du Petit-Mont, situ\u00e9e sur la commune de Jaun.<\/p><p>Afin de garantir une f\u00e9condation par des m\u00e2les Carnica, la station est prot\u00e9g\u00e9e par l\u2019Ordonnance concernant la zone de protection de la station de f\u00e9condation du Petit-Mont. Aucune ruche ne peut \u00eatre d\u00e9pos\u00e9e dans le p\u00e9rim\u00e8tre de protection en vigueur depuis 2012.<\/p><p>Chaque apiculteur peut amener ses ruchettes \u00e0 la station en respectant le R\u00e8glement de mont\u00e9e en station SAR 2018.<\/p>\t\t\t\t\t\t\t\t<\/div>\n\t\t\t\t<\/div>\n\t\t\t\t<div class=\"elementor-element elementor-element-76c7358 elementor-widget elementor-widget-jet-table\" data-id=\"76c7358\" data-element_type=\"widget\" data-e-type=\"widget\" data-widget_type=\"jet-table.default\">\n\t\t\t\t<div class=\"elementor-widget-container\">\n\t\t\t\t\t<div class=\"elementor-jet-table jet-elements\">\n\t\t<div class=\"jet-table-wrapper\">\n\t\t\t<table class=\"jet-table jet-table--fa5-compat\">\n\t\t\t\t<thead class=\"jet-table__head\"><tr class=\"jet-table__head-row\"><th class=\"jet-table__cell elementor-repeater-item-db43b8a jet-table__head-cell\" scope=\"col\"><div class=\"jet-table__cell-inner\"><div class=\"jet-table__cell-content\"><div class=\"jet-table__cell-text\">Station du Petit-Mont<\/div><\/div><\/div><\/th><\/tr><\/thead>\n\t\t\t\t\t\t\t\t<tbody class=\"jet-table__body\"><tr class=\"jet-table__body-row elementor-repeater-item-03d03e0\"><td class=\"jet-table__cell elementor-repeater-item-544ddad jet-table__body-cell\"><div class=\"jet-table__cell-inner\"><div class=\"jet-table__cell-content\"><div class=\"jet-table__cell-text\">Type de station<\/div><\/div><\/div><\/td><td class=\"jet-table__cell elementor-repeater-item-b84905d jet-table__body-cell\"><div class=\"jet-table__cell-inner\"><div class=\"jet-table__cell-content\"><div class=\"jet-table__cell-text\">A &#8211; reconnue Apisuisse<\/div><\/div><\/div><\/td><\/tr><tr class=\"jet-table__body-row elementor-repeater-item-96719b5\"><td class=\"jet-table__cell elementor-repeater-item-41890fa jet-table__body-cell\"><div class=\"jet-table__cell-inner\"><div class=\"jet-table__cell-content\"><div class=\"jet-table__cell-text\">Responsable station<\/div><\/div><\/div><\/td><td class=\"jet-table__cell elementor-repeater-item-5c6e0d1 jet-table__body-cell\"><div class=\"jet-table__cell-inner\"><div class=\"jet-table__cell-content\"><div class=\"jet-table__cell-text\">Alexandre Gumy<\/div><\/div><\/div><\/td><\/tr><tr class=\"jet-table__body-row elementor-repeater-item-3a0bfa4\"><td class=\"jet-table__cell elementor-repeater-item-6b27661 jet-table__body-cell\"><div class=\"jet-table__cell-inner\"><div class=\"jet-table__cell-content\"><div class=\"jet-table__cell-text\">Date d&rsquo;ouverture<\/div><\/div><\/div><\/td><td class=\"jet-table__cell elementor-repeater-item-54a97a0 jet-table__body-cell\"><div class=\"jet-table__cell-inner\"><div class=\"jet-table__cell-content\"><\/div><\/div><\/td><\/tr><tr class=\"jet-table__body-row elementor-repeater-item-5c2a70c\"><td class=\"jet-table__cell elementor-repeater-item-fb511be jet-table__body-cell\"><div class=\"jet-table__cell-inner\"><div class=\"jet-table__cell-content\"><div class=\"jet-table__cell-text\">Derni\u00e8re mont\u00e9e<\/div><\/div><\/div><\/td><td class=\"jet-table__cell elementor-repeater-item-008bd54 jet-table__body-cell\"><div class=\"jet-table__cell-inner\"><div class=\"jet-table__cell-content\"><\/div><\/div><\/td><\/tr><tr class=\"jet-table__body-row elementor-repeater-item-e2f8e03\"><td class=\"jet-table__cell elementor-repeater-item-05bb79c jet-table__body-cell\"><div class=\"jet-table__cell-inner\"><div class=\"jet-table__cell-content\"><div class=\"jet-table__cell-text\">Heures d&rsquo;ouverture les samedi<\/div><\/div><\/div><\/td><td class=\"jet-table__cell elementor-repeater-item-9ed17cf jet-table__body-cell\"><div class=\"jet-table__cell-inner\"><div class=\"jet-table__cell-content\"><\/div><\/div><\/td><\/tr><tr class=\"jet-table__body-row elementor-repeater-item-4940e7a\"><td class=\"jet-table__cell elementor-repeater-item-823436a jet-table__body-cell\"><div class=\"jet-table__cell-inner\"><div class=\"jet-table__cell-content\"><div class=\"jet-table__cell-text\">Heures d&rsquo;ouverture le mercredi<\/div><\/div><\/div><\/td><td class=\"jet-table__cell elementor-repeater-item-c467be1 jet-table__body-cell\"><div class=\"jet-table__cell-inner\"><div class=\"jet-table__cell-content\"><\/div><\/div><\/td><\/tr><tr class=\"jet-table__body-row elementor-repeater-item-93eb3ba\"><td class=\"jet-table__cell elementor-repeater-item-7f03465 jet-table__body-cell\"><div class=\"jet-table__cell-inner\"><div class=\"jet-table__cell-content\"><div class=\"jet-table__cell-text\">Lign\u00e9e<\/div><\/div><\/div><\/td><td class=\"jet-table__cell elementor-repeater-item-744bff3 jet-table__body-cell\"><div class=\"jet-table__cell-inner\"><div class=\"jet-table__cell-content\"><\/div><\/div><\/td><\/tr><\/tbody>\n\t\t\t<\/table>\n\t\t<\/div>\n\n\t\t<\/div>\t\t\t\t<\/div>\n\t\t\t\t<\/div>\n\t\t\t\t<\/div>\n\t\t<div class=\"elementor-element elementor-element-18c7272 e-con-full e-flex e-con e-child\" data-id=\"18c7272\" data-element_type=\"container\" data-e-type=\"container\" data-settings=\"{&quot;jet_parallax_layout_list&quot;:[]}\">\n\t\t\t\t<div class=\"elementor-element elementor-element-36ac51c elementor-widget elementor-widget-gallery\" data-id=\"36ac51c\" data-element_type=\"widget\" data-e-type=\"widget\" data-settings=\"{&quot;columns&quot;:3,&quot;lazyload&quot;:&quot;yes&quot;,&quot;gallery_layout&quot;:&quot;grid&quot;,&quot;columns_tablet&quot;:2,&quot;columns_mobile&quot;:1,&quot;gap&quot;:{&quot;unit&quot;:&quot;px&quot;,&quot;size&quot;:10,&quot;sizes&quot;:[]},&quot;gap_tablet&quot;:{&quot;unit&quot;:&quot;px&quot;,&quot;size&quot;:10,&quot;sizes&quot;:[]},&quot;gap_mobile&quot;:{&quot;unit&quot;:&quot;px&quot;,&quot;size&quot;:10,&quot;sizes&quot;:[]},&quot;link_to&quot;:&quot;file&quot;,&quot;aspect_ratio&quot;:&quot;3:2&quot;,&quot;content_hover_animation&quot;:&quot;fade-in&quot;}\" data-widget_type=\"gallery.default\">\n\t\t\t\t<div class=\"elementor-widget-container\">\n\t\t\t\t\t\t\t<div class=\"elementor-gallery__container\">\n\t\t\t\t\t\t\t<a class=\"e-gallery-item elementor-gallery-item elementor-animated-content\" href=\"https:\/\/www.ffa-vfb.ch\/wp-content\/uploads\/2024\/02\/Petit-Mont-vol.jpg\" data-elementor-open-lightbox=\"yes\" data-elementor-lightbox-slideshow=\"36ac51c\" data-elementor-lightbox-title=\"Petit-Mont-vol\" data-e-action-hash=\"#elementor-action%3Aaction%3Dlightbox%26settings%3DeyJpZCI6Mjc5LCJ1cmwiOiJodHRwczpcL1wvd3d3LmZmYS12ZmIuY2hcL3dwLWNvbnRlbnRcL3VwbG9hZHNcLzIwMjRcLzAyXC9QZXRpdC1Nb250LXZvbC5qcGciLCJzbGlkZXNob3ciOiIzNmFjNTFjIn0%3D\">\n\t\t\t\t\t<div class=\"e-gallery-image elementor-gallery-item__image\" data-thumbnail=\"https:\/\/www.ffa-vfb.ch\/wp-content\/uploads\/2024\/02\/Petit-Mont-vol-300x217.jpg\" data-width=\"300\" data-height=\"217\" aria-label=\"\" role=\"img\" ><\/div>\n\t\t\t\t\t\t\t\t\t\t\t\t\t\t<\/a>\n\t\t\t\t\t\t\t<a class=\"e-gallery-item elementor-gallery-item elementor-animated-content\" href=\"https:\/\/www.ffa-vfb.ch\/wp-content\/uploads\/2024\/02\/Petit-Mont-station-4.jpg\" data-elementor-open-lightbox=\"yes\" data-elementor-lightbox-slideshow=\"36ac51c\" data-elementor-lightbox-title=\"Petit-Mont-station-4\" data-e-action-hash=\"#elementor-action%3Aaction%3Dlightbox%26settings%3DeyJpZCI6Mjc4LCJ1cmwiOiJodHRwczpcL1wvd3d3LmZmYS12ZmIuY2hcL3dwLWNvbnRlbnRcL3VwbG9hZHNcLzIwMjRcLzAyXC9QZXRpdC1Nb250LXN0YXRpb24tNC5qcGciLCJzbGlkZXNob3ciOiIzNmFjNTFjIn0%3D\">\n\t\t\t\t\t<div class=\"e-gallery-image elementor-gallery-item__image\" data-thumbnail=\"https:\/\/www.ffa-vfb.ch\/wp-content\/uploads\/2024\/02\/Petit-Mont-station-4-300x225.jpg\" data-width=\"300\" data-height=\"225\" aria-label=\"\" role=\"img\" ><\/div>\n\t\t\t\t\t\t\t\t\t\t\t\t\t\t<\/a>\n\t\t\t\t\t\t\t<a class=\"e-gallery-item elementor-gallery-item elementor-animated-content\" href=\"https:\/\/www.ffa-vfb.ch\/wp-content\/uploads\/2024\/02\/Petit-Mont-station-3.png\" data-elementor-open-lightbox=\"yes\" data-elementor-lightbox-slideshow=\"36ac51c\" data-elementor-lightbox-title=\"Petit-Mont-station-3\" data-e-action-hash=\"#elementor-action%3Aaction%3Dlightbox%26settings%3DeyJpZCI6Mjc3LCJ1cmwiOiJodHRwczpcL1wvd3d3LmZmYS12ZmIuY2hcL3dwLWNvbnRlbnRcL3VwbG9hZHNcLzIwMjRcLzAyXC9QZXRpdC1Nb250LXN0YXRpb24tMy5wbmciLCJzbGlkZXNob3ciOiIzNmFjNTFjIn0%3D\">\n\t\t\t\t\t<div class=\"e-gallery-image elementor-gallery-item__image\" data-thumbnail=\"https:\/\/www.ffa-vfb.ch\/wp-content\/uploads\/2024\/02\/Petit-Mont-station-3-300x225.png\" data-width=\"300\" data-height=\"225\" aria-label=\"\" role=\"img\" ><\/div>\n\t\t\t\t\t\t\t\t\t\t\t\t\t\t<\/a>\n\t\t\t\t\t\t\t<a class=\"e-gallery-item elementor-gallery-item elementor-animated-content\" href=\"https:\/\/www.ffa-vfb.ch\/wp-content\/uploads\/2024\/02\/Petit-Mont-station-2.jpg\" data-elementor-open-lightbox=\"yes\" data-elementor-lightbox-slideshow=\"36ac51c\" data-elementor-lightbox-title=\"Petit-Mont-station-2\" data-e-action-hash=\"#elementor-action%3Aaction%3Dlightbox%26settings%3DeyJpZCI6Mjc2LCJ1cmwiOiJodHRwczpcL1wvd3d3LmZmYS12ZmIuY2hcL3dwLWNvbnRlbnRcL3VwbG9hZHNcLzIwMjRcLzAyXC9QZXRpdC1Nb250LXN0YXRpb24tMi5qcGciLCJzbGlkZXNob3ciOiIzNmFjNTFjIn0%3D\">\n\t\t\t\t\t<div class=\"e-gallery-image elementor-gallery-item__image\" data-thumbnail=\"https:\/\/www.ffa-vfb.ch\/wp-content\/uploads\/2024\/02\/Petit-Mont-station-2-300x218.jpg\" data-width=\"300\" data-height=\"218\" aria-label=\"\" role=\"img\" ><\/div>\n\t\t\t\t\t\t\t\t\t\t\t\t\t\t<\/a>\n\t\t\t\t\t\t\t<a class=\"e-gallery-item elementor-gallery-item elementor-animated-content\" href=\"https:\/\/www.ffa-vfb.ch\/wp-content\/uploads\/2024\/02\/Petit-Mont-Station.png\" data-elementor-open-lightbox=\"yes\" data-elementor-lightbox-slideshow=\"36ac51c\" data-elementor-lightbox-title=\"Petit-Mont-Station\" data-e-action-hash=\"#elementor-action%3Aaction%3Dlightbox%26settings%3DeyJpZCI6Mjc1LCJ1cmwiOiJodHRwczpcL1wvd3d3LmZmYS12ZmIuY2hcL3dwLWNvbnRlbnRcL3VwbG9hZHNcLzIwMjRcLzAyXC9QZXRpdC1Nb250LVN0YXRpb24ucG5nIiwic2xpZGVzaG93IjoiMzZhYzUxYyJ9\">\n\t\t\t\t\t<div class=\"e-gallery-image elementor-gallery-item__image\" data-thumbnail=\"https:\/\/www.ffa-vfb.ch\/wp-content\/uploads\/2024\/02\/Petit-Mont-Station-300x225.png\" data-width=\"300\" data-height=\"225\" aria-label=\"\" role=\"img\" ><\/div>\n\t\t\t\t\t\t\t\t\t\t\t\t\t\t<\/a>\n\t\t\t\t\t\t\t<a class=\"e-gallery-item elementor-gallery-item elementor-animated-content\" href=\"https:\/\/www.ffa-vfb.ch\/wp-content\/uploads\/2024\/02\/Petit-Mont-Ruchettes.jpg\" data-elementor-open-lightbox=\"yes\" data-elementor-lightbox-slideshow=\"36ac51c\" data-elementor-lightbox-title=\"Petit-Mont-Ruchettes\" data-e-action-hash=\"#elementor-action%3Aaction%3Dlightbox%26settings%3DeyJpZCI6Mjc0LCJ1cmwiOiJodHRwczpcL1wvd3d3LmZmYS12ZmIuY2hcL3dwLWNvbnRlbnRcL3VwbG9hZHNcLzIwMjRcLzAyXC9QZXRpdC1Nb250LVJ1Y2hldHRlcy5qcGciLCJzbGlkZXNob3ciOiIzNmFjNTFjIn0%3D\">\n\t\t\t\t\t<div class=\"e-gallery-image elementor-gallery-item__image\" data-thumbnail=\"https:\/\/www.ffa-vfb.ch\/wp-content\/uploads\/2024\/02\/Petit-Mont-Ruchettes-300x225.jpg\" data-width=\"300\" data-height=\"225\" aria-label=\"\" role=\"img\" ><\/div>\n\t\t\t\t\t\t\t\t\t\t\t\t\t\t<\/a>\n\t\t\t\t\t\t\t<a class=\"e-gallery-item elementor-gallery-item elementor-animated-content\" href=\"https:\/\/www.ffa-vfb.ch\/wp-content\/uploads\/2024\/02\/Petit-Mont-ruche-male.jpg\" data-elementor-open-lightbox=\"yes\" data-elementor-lightbox-slideshow=\"36ac51c\" data-elementor-lightbox-title=\"Petit-Mont-ruche-male\" data-e-action-hash=\"#elementor-action%3Aaction%3Dlightbox%26settings%3DeyJpZCI6MjczLCJ1cmwiOiJodHRwczpcL1wvd3d3LmZmYS12ZmIuY2hcL3dwLWNvbnRlbnRcL3VwbG9hZHNcLzIwMjRcLzAyXC9QZXRpdC1Nb250LXJ1Y2hlLW1hbGUuanBnIiwic2xpZGVzaG93IjoiMzZhYzUxYyJ9\">\n\t\t\t\t\t<div class=\"e-gallery-image elementor-gallery-item__image\" data-thumbnail=\"https:\/\/www.ffa-vfb.ch\/wp-content\/uploads\/2024\/02\/Petit-Mont-ruche-male-216x300.jpg\" data-width=\"216\" data-height=\"300\" aria-label=\"\" role=\"img\" ><\/div>\n\t\t\t\t\t\t\t\t\t\t\t\t\t\t<\/a>\n\t\t\t\t\t\t\t<a class=\"e-gallery-item elementor-gallery-item elementor-animated-content\" href=\"https:\/\/www.ffa-vfb.ch\/wp-content\/uploads\/2024\/02\/Petit-Mont-printemps.jpg\" data-elementor-open-lightbox=\"yes\" data-elementor-lightbox-slideshow=\"36ac51c\" data-elementor-lightbox-title=\"Petit-Mont-printemps\" data-e-action-hash=\"#elementor-action%3Aaction%3Dlightbox%26settings%3DeyJpZCI6MjcyLCJ1cmwiOiJodHRwczpcL1wvd3d3LmZmYS12ZmIuY2hcL3dwLWNvbnRlbnRcL3VwbG9hZHNcLzIwMjRcLzAyXC9QZXRpdC1Nb250LXByaW50ZW1wcy5qcGciLCJzbGlkZXNob3ciOiIzNmFjNTFjIn0%3D\">\n\t\t\t\t\t<div class=\"e-gallery-image elementor-gallery-item__image\" data-thumbnail=\"https:\/\/www.ffa-vfb.ch\/wp-content\/uploads\/2024\/02\/Petit-Mont-printemps-300x225.jpg\" data-width=\"300\" data-height=\"225\" aria-label=\"\" role=\"img\" ><\/div>\n\t\t\t\t\t\t\t\t\t\t\t\t\t\t<\/a>\n\t\t\t\t\t<\/div>\n\t\t\t\t\t<\/div>\n\t\t\t\t<\/div>\n\t\t\t\t<\/div>\n\t\t\t\t\t<\/div>\n\t\t\t\t<\/div>\n\t\t<div class=\"elementor-element elementor-element-0c3cec5 e-flex e-con-boxed e-con e-parent\" data-id=\"0c3cec5\" data-element_type=\"container\" data-e-type=\"container\" data-settings=\"{&quot;jet_parallax_layout_list&quot;:[]}\">\n\t\t\t\t\t<div class=\"e-con-inner\">\n\t\t\t\t<div class=\"elementor-element elementor-element-2a1baf8 elementor-widget elementor-widget-heading\" data-id=\"2a1baf8\" data-element_type=\"widget\" data-e-type=\"widget\" data-widget_type=\"heading.default\">\n\t\t\t\t<div class=\"elementor-widget-container\">\n\t\t\t\t\t<h2 class=\"elementor-heading-title elementor-size-default\">Les moniteurs-\u00e9leveurs SAR<\/h2>\t\t\t\t<\/div>\n\t\t\t\t<\/div>\n\t\t\t\t<div class=\"elementor-element elementor-element-c5d6039 elementor-widget elementor-widget-shortcode\" data-id=\"c5d6039\" data-element_type=\"widget\" data-e-type=\"widget\" data-widget_type=\"shortcode.default\">\n\t\t\t\t<div class=\"elementor-widget-container\">\n\t\t\t\t\t\t\t<div class=\"elementor-shortcode\"><div class=\"webling_memberlist \"><table class=\"webling_memberlist-table\"><tr><th>Pr\u00e9nom<\/th><th>Nom<\/th><th>E-Mail<\/th><th>Mobile<\/th><\/tr><tr><td>Alexandre<\/td><td>Gumy<\/td><td><a href=\"mailto:alexandre@rucher.ch\" target=\"_blank\">alexandre@rucher.ch<\/a><\/td><td>+41 79 432 74 49<\/td><\/tr><tr><td>Olivier<\/td><td>Curty<\/td><td><a href=\"mailto:curty.olivier@bluewin.ch\" target=\"_blank\">curty.olivier@bluewin.ch<\/a><\/td><td>+41 79 206 74 47<\/td><\/tr><tr><td>S\u00e9bastien<\/td><td>Gillon<\/td><td><a href=\"mailto:sebagillon90@gmail.com\" target=\"_blank\">sebagillon90@gmail.com<\/a><\/td><td><\/td><\/tr><tr><td>Jean-Claude<\/td><td>Balmer<\/td><td><a href=\"mailto:jcbal@bluewin.ch\" target=\"_blank\">jcbal@bluewin.ch<\/a><\/td><td>+41796061256<\/td><\/tr><tr><td>Julien<\/td><td>Clerc<\/td><td><a href=\"mailto:clerc9@bluewin.ch\" target=\"_blank\">clerc9@bluewin.ch<\/a><\/td><td><\/td><\/tr><tr><td>S\u00e9bastien<\/td><td>Liardon<\/td><td><a href=\"mailto:liardon@netplus.ch\" target=\"_blank\">liardon@netplus.ch<\/a><\/td><td>077 446 68 48<\/td><\/tr><\/table><\/div><\/div>\n\t\t\t\t\t\t<\/div>\n\t\t\t\t<\/div>\n\t\t\t\t\t<\/div>\n\t\t\t\t<\/div>\n\t\t<div class=\"elementor-element elementor-element-d0f202e e-flex e-con-boxed e-con e-parent\" data-id=\"d0f202e\" data-element_type=\"container\" data-e-type=\"container\" data-settings=\"{&quot;jet_parallax_layout_list&quot;:[]}\">\n\t\t\t\t\t<div class=\"e-con-inner\">\n\t\t\t\t<div class=\"elementor-element elementor-element-57852db elementor-widget elementor-widget-heading\" data-id=\"57852db\" data-element_type=\"widget\" data-e-type=\"widget\" data-widget_type=\"heading.default\">\n\t\t\t\t<div class=\"elementor-widget-container\">\n\t\t\t\t\t<h2 class=\"elementor-heading-title elementor-size-default\">Documents \u00e0 t\u00e9l\u00e9charger<\/h2>\t\t\t\t<\/div>\n\t\t\t\t<\/div>\n\t\t\t\t<div class=\"elementor-element elementor-element-6117659 elementor-widget elementor-widget-shortcode\" data-id=\"6117659\" data-element_type=\"widget\" data-e-type=\"widget\" data-widget_type=\"shortcode.default\">\n\t\t\t\t<div class=\"elementor-widget-container\">\n\t\t\t\t\t\t\t<div class=\"elementor-shortcode\"><div class='w3eden'><!-- WPDM Link Template: Default Template -->\n\n<div class=\"link-template-default card mb-2\">\n    <div class=\"card-body\">\n        <div class=\"media\">\n            <div class=\"mr-3 img-48\"><img decoding=\"async\" class=\"wpdm_icon\" alt=\"Ic\u00f4ne\" src=\"https:\/\/www.ffa-vfb.ch\/wp-content\/plugins\/download-manager\/assets\/file-type-icons\/pdf.svg\" \/><\/div>\n            <div class=\"media-body\">\n                <h3 class=\"package-title\"><a href='https:\/\/www.ffa-vfb.ch\/fr\/download\/reglement-de-montee-sar-2018\/'>R\u00e8glement de mont\u00e9e SAR 2018<\/a><\/h3>\n                <div class=\"text-muted text-small\"><i class=\"fas fa-copy\"><\/i> 1 fichier\u00b7s <i class=\"fas fa-hdd ml-3\"><\/i> 303.35 KB<\/div>\n            <\/div>\n            <div class=\"ml-3\">\n                <a class='wpdm-download-link download-on-click btn btn-primary ' rel='nofollow' href='#' data-downloadurl=\"https:\/\/www.ffa-vfb.ch\/fr\/download\/reglement-de-montee-sar-2018\/?wpdmdl=282&refresh=6a008bcc185c01778420684\">T\u00e9l\u00e9charger<\/a>\n            <\/div>\n        <\/div>\n    <\/div>\n<\/div>\n\n<\/div>\n<div class='w3eden'><!-- WPDM Link Template: Default Template -->\n\n<div class=\"link-template-default card mb-2\">\n    <div class=\"card-body\">\n        <div class=\"media\">\n            <div class=\"mr-3 img-48\"><img decoding=\"async\" class=\"wpdm_icon\" alt=\"Ic\u00f4ne\" src=\"https:\/\/www.ffa-vfb.ch\/wp-content\/plugins\/download-manager\/assets\/file-type-icons\/pdf.svg\" \/><\/div>\n            <div class=\"media-body\">\n                <h3 class=\"package-title\"><a href='https:\/\/www.ffa-vfb.ch\/fr\/download\/statuts-groupement-petit-mont\/'>Statuts Groupement Petit-Mont<\/a><\/h3>\n                <div class=\"text-muted text-small\"><i class=\"fas fa-copy\"><\/i> 1 fichier\u00b7s <i class=\"fas fa-hdd ml-3\"><\/i> 354.48 KB<\/div>\n            <\/div>\n            <div class=\"ml-3\">\n                <a class='wpdm-download-link download-on-click btn btn-primary ' rel='nofollow' href='#' data-downloadurl=\"https:\/\/www.ffa-vfb.ch\/fr\/download\/statuts-groupement-petit-mont\/?wpdmdl=283&refresh=6a008bcc1a7d21778420684\">T\u00e9l\u00e9charger<\/a>\n            <\/div>\n        <\/div>\n    <\/div>\n<\/div>\n\n<\/div>\n<div class='w3eden'><!-- WPDM Link Template: Default Template -->\n\n<div class=\"link-template-default card mb-2\">\n    <div class=\"card-body\">\n        <div class=\"media\">\n            <div class=\"mr-3 img-48\"><img decoding=\"async\" class=\"wpdm_icon\" alt=\"Ic\u00f4ne\" src=\"https:\/\/www.ffa-vfb.ch\/wp-content\/plugins\/download-manager\/assets\/file-type-icons\/pdf.svg\" \/><\/div>\n            <div class=\"media-body\">\n                <h3 class=\"package-title\"><a href='https:\/\/www.ffa-vfb.ch\/fr\/download\/zone-de-protection-petit-mont\/'>Zone de protection Petit-Mont<\/a><\/h3>\n                <div class=\"text-muted text-small\"><i class=\"fas fa-copy\"><\/i> 1 fichier\u00b7s <i class=\"fas fa-hdd ml-3\"><\/i> 44.56 KB<\/div>\n            <\/div>\n            <div class=\"ml-3\">\n                <a class='wpdm-download-link download-on-click btn btn-primary ' rel='nofollow' href='#' data-downloadurl=\"https:\/\/www.ffa-vfb.ch\/fr\/download\/zone-de-protection-petit-mont\/?wpdmdl=284&refresh=6a008bcc1c45b1778420684\">T\u00e9l\u00e9charger<\/a>\n            <\/div>\n        <\/div>\n    <\/div>\n<\/div>\n\n<\/div><\/div>\n\t\t\t\t\t\t<\/div>\n\t\t\t\t<\/div>\n\t\t\t\t\t<\/div>\n\t\t\t\t<\/div>\n\t\t\t\t<\/div>\n\t\t","protected":false},"excerpt":{"rendered":"<p>La station du Petit-Mont Sur les 7 stations Carnica SAR, le canton de Fribourg en compte une. Le Groupement des moniteurs-\u00e9leveurs fribourgeois g\u00e8re la station du Petit-Mont, situ\u00e9e sur la commune de Jaun. Afin de garantir une f\u00e9condation par des m\u00e2les Carnica, la station est prot\u00e9g\u00e9e par l\u2019Ordonnance concernant la zone de protection de la [&hellip;]<\/p>\n","protected":false},"author":1,"featured_media":439,"parent":36,"menu_order":0,"comment_status":"closed","ping_status":"closed","template":"","meta":{"footnotes":""},"class_list":["post-38","page","type-page","status-publish","has-post-thumbnail","hentry"],"_links":{"self":[{"href":"https:\/\/www.ffa-vfb.ch\/fr\/wp-json\/wp\/v2\/pages\/38","targetHints":{"allow":["GET"]}}],"collection":[{"href":"https:\/\/www.ffa-vfb.ch\/fr\/wp-json\/wp\/v2\/pages"}],"about":[{"href":"https:\/\/www.ffa-vfb.ch\/fr\/wp-json\/wp\/v2\/types\/page"}],"author":[{"embeddable":true,"href":"https:\/\/www.ffa-vfb.ch\/fr\/wp-json\/wp\/v2\/users\/1"}],"replies":[{"embeddable":true,"href":"https:\/\/www.ffa-vfb.ch\/fr\/wp-json\/wp\/v2\/comments?post=38"}],"version-history":[{"count":0,"href":"https:\/\/www.ffa-vfb.ch\/fr\/wp-json\/wp\/v2\/pages\/38\/revisions"}],"up":[{"embeddable":true,"href":"https:\/\/www.ffa-vfb.ch\/fr\/wp-json\/wp\/v2\/pages\/36"}],"wp:featuredmedia":[{"embeddable":true,"href":"https:\/\/www.ffa-vfb.ch\/fr\/wp-json\/wp\/v2\/media\/439"}],"wp:attachment":[{"href":"https:\/\/www.ffa-vfb.ch\/fr\/wp-json\/wp\/v2\/media?parent=38"}],"curies":[{"name":"wp","href":"https:\/\/api.w.org\/{rel}","templated":true}]}}