{"id":36,"date":"2024-02-06T10:08:13","date_gmt":"2024-02-06T08:08:13","guid":{"rendered":"https:\/\/ffa-vfb.ksite.ch\/?page_id=36"},"modified":"2024-02-07T13:46:12","modified_gmt":"2024-02-07T11:46:12","slug":"elevage","status":"publish","type":"page","link":"https:\/\/www.ffa-vfb.ch\/fr\/elevage\/","title":{"rendered":"\u00c9levage"},"content":{"rendered":"\t\t<div data-elementor-type=\"wp-page\" data-elementor-id=\"36\" class=\"elementor elementor-36\" data-elementor-post-type=\"page\">\n\t\t\t\t<div class=\"elementor-element elementor-element-156830a e-flex e-con-boxed e-con e-parent\" data-id=\"156830a\" data-element_type=\"container\" data-e-type=\"container\" data-settings=\"{&quot;jet_parallax_layout_list&quot;:[]}\">\n\t\t\t\t\t<div class=\"e-con-inner\">\n\t\t\t\t<div class=\"elementor-element elementor-element-a36ca65 elementor-widget elementor-widget-heading\" data-id=\"a36ca65\" data-element_type=\"widget\" data-e-type=\"widget\" data-widget_type=\"heading.default\">\n\t\t\t\t<div class=\"elementor-widget-container\">\n\t\t\t\t\t<h2 class=\"elementor-heading-title elementor-size-default\">Carnica, Buckfast, abeille noire...<\/h2>\t\t\t\t<\/div>\n\t\t\t\t<\/div>\n\t\t\t\t<div class=\"elementor-element elementor-element-ec37533 elementor-widget elementor-widget-text-editor\" data-id=\"ec37533\" data-element_type=\"widget\" data-e-type=\"widget\" data-widget_type=\"text-editor.default\">\n\t\t\t\t<div class=\"elementor-widget-container\">\n\t\t\t\t\t\t\t\t\t<p>Les trois races d&rsquo;abeilles sont repr\u00e9sent\u00e9es dans les ruchers des membres de la FFA.<\/p><p>Le groupement des moniteurs-\u00e9leveurs fribourgeois g\u00e8re l&rsquo;une des 7 stations de f\u00e9condations Carnica de la SAR, soci\u00e9t\u00e9 romande d&rsquo;apiculture (abeilles.ch). Situ\u00e9e au Petit-Mont, sur la commune de Jaun dans le cadre majestueux de la cha\u00eene des Gastlosen.<\/p><p>Vous trouvez plus d&rsquo;informations sur les diff\u00e9rentes stations et le travail des \u00e9leveurs des diff\u00e9rentes races en cliquant sur leurs noms ci-dessous.<\/p>\t\t\t\t\t\t\t\t<\/div>\n\t\t\t\t<\/div>\n\t\t\t\t\t<\/div>\n\t\t\t\t<\/div>\n\t\t<div class=\"elementor-element elementor-element-486c2d1 e-flex e-con-boxed e-con e-parent\" data-id=\"486c2d1\" data-element_type=\"container\" data-e-type=\"container\" data-settings=\"{&quot;jet_parallax_layout_list&quot;:[]}\">\n\t\t\t\t\t<div class=\"e-con-inner\">\n\t\t<div class=\"elementor-element elementor-element-d3f56e4 e-con-full e-flex e-con e-child\" data-id=\"d3f56e4\" data-element_type=\"container\" data-e-type=\"container\" data-settings=\"{&quot;background_background&quot;:&quot;classic&quot;,&quot;jet_parallax_layout_list&quot;:[]}\">\n\t\t\t\t<div class=\"elementor-element elementor-element-4a7db77 elementor-widget elementor-widget-heading\" data-id=\"4a7db77\" data-element_type=\"widget\" data-e-type=\"widget\" data-widget_type=\"heading.default\">\n\t\t\t\t<div class=\"elementor-widget-container\">\n\t\t\t\t\t<h2 class=\"elementor-heading-title elementor-size-default\"><a href=\"https:\/\/www.ffa-vfb.ch\/elevage\/carnica\/\">CARNICA<\/a><\/h2>\t\t\t\t<\/div>\n\t\t\t\t<\/div>\n\t\t\t\t<\/div>\n\t\t<div class=\"elementor-element elementor-element-41e2410 e-con-full e-flex e-con e-child\" data-id=\"41e2410\" data-element_type=\"container\" data-e-type=\"container\" data-settings=\"{&quot;background_background&quot;:&quot;classic&quot;,&quot;jet_parallax_layout_list&quot;:[]}\">\n\t\t\t\t<div class=\"elementor-element elementor-element-47dcea8 elementor-widget elementor-widget-heading\" data-id=\"47dcea8\" data-element_type=\"widget\" data-e-type=\"widget\" data-widget_type=\"heading.default\">\n\t\t\t\t<div class=\"elementor-widget-container\">\n\t\t\t\t\t<h2 class=\"elementor-heading-title elementor-size-default\"><a href=\"https:\/\/www.ffa-vfb.ch\/elevage\/buckfast\/\">BUCKFAST<\/a><\/h2>\t\t\t\t<\/div>\n\t\t\t\t<\/div>\n\t\t\t\t<\/div>\n\t\t<div class=\"elementor-element elementor-element-56deb82 e-con-full e-flex e-con e-child\" data-id=\"56deb82\" data-element_type=\"container\" data-e-type=\"container\" data-settings=\"{&quot;background_background&quot;:&quot;classic&quot;,&quot;jet_parallax_layout_list&quot;:[]}\">\n\t\t\t\t<div class=\"elementor-element elementor-element-8388028 elementor-widget elementor-widget-heading\" data-id=\"8388028\" data-element_type=\"widget\" data-e-type=\"widget\" data-widget_type=\"heading.default\">\n\t\t\t\t<div class=\"elementor-widget-container\">\n\t\t\t\t\t<h2 class=\"elementor-heading-title elementor-size-default\"><a href=\"https:\/\/mellifera.ch\/apis-mellifera-mellifera\/\" target=\"_blank\" rel=\"noopener\">LA NOIRE<\/a><\/h2>\t\t\t\t<\/div>\n\t\t\t\t<\/div>\n\t\t\t\t<\/div>\n\t\t\t\t\t<\/div>\n\t\t\t\t<\/div>\n\t\t\t\t<\/div>\n\t\t","protected":false},"excerpt":{"rendered":"<p>Carnica, Buckfast, abeille noire&#8230; Les trois races d&rsquo;abeilles sont repr\u00e9sent\u00e9es dans les ruchers des membres de la FFA. Le groupement des moniteurs-\u00e9leveurs fribourgeois g\u00e8re l&rsquo;une des 7 stations de f\u00e9condations Carnica de la SAR, soci\u00e9t\u00e9 romande d&rsquo;apiculture (abeilles.ch). Situ\u00e9e au Petit-Mont, sur la commune de Jaun dans le cadre majestueux de la cha\u00eene des Gastlosen. [&hellip;]<\/p>\n","protected":false},"author":1,"featured_media":114,"parent":0,"menu_order":0,"comment_status":"closed","ping_status":"closed","template":"","meta":{"footnotes":""},"class_list":["post-36","page","type-page","status-publish","has-post-thumbnail","hentry"],"_links":{"self":[{"href":"https:\/\/www.ffa-vfb.ch\/fr\/wp-json\/wp\/v2\/pages\/36","targetHints":{"allow":["GET"]}}],"collection":[{"href":"https:\/\/www.ffa-vfb.ch\/fr\/wp-json\/wp\/v2\/pages"}],"about":[{"href":"https:\/\/www.ffa-vfb.ch\/fr\/wp-json\/wp\/v2\/types\/page"}],"author":[{"embeddable":true,"href":"https:\/\/www.ffa-vfb.ch\/fr\/wp-json\/wp\/v2\/users\/1"}],"replies":[{"embeddable":true,"href":"https:\/\/www.ffa-vfb.ch\/fr\/wp-json\/wp\/v2\/comments?post=36"}],"version-history":[{"count":0,"href":"https:\/\/www.ffa-vfb.ch\/fr\/wp-json\/wp\/v2\/pages\/36\/revisions"}],"wp:featuredmedia":[{"embeddable":true,"href":"https:\/\/www.ffa-vfb.ch\/fr\/wp-json\/wp\/v2\/media\/114"}],"wp:attachment":[{"href":"https:\/\/www.ffa-vfb.ch\/fr\/wp-json\/wp\/v2\/media?parent=36"}],"curies":[{"name":"wp","href":"https:\/\/api.w.org\/{rel}","templated":true}]}}