{"id":619,"date":"2024-02-06T10:05:14","date_gmt":"2024-02-06T09:05:14","guid":{"rendered":"https:\/\/ffa-vfb.ch\/freiburger-bienenzuchtverband\/"},"modified":"2024-05-13T10:18:22","modified_gmt":"2024-05-13T08:18:22","slug":"freiburger-bienenzuchtverband","status":"publish","type":"page","link":"https:\/\/www.ffa-vfb.ch\/de\/","title":{"rendered":"Verband Freiburger Bienenvereine (VFB)"},"content":{"rendered":"\t\t<div data-elementor-type=\"wp-page\" data-elementor-id=\"619\" class=\"elementor elementor-619 elementor-20\" data-elementor-post-type=\"page\">\n\t\t\t\t<div class=\"elementor-element elementor-element-32659df e-flex e-con-boxed e-con e-parent\" data-id=\"32659df\" data-element_type=\"container\" data-e-type=\"container\" data-settings=\"{&quot;jet_parallax_layout_list&quot;:[]}\">\n\t\t\t\t\t<div class=\"e-con-inner\">\n\t\t<div class=\"elementor-element elementor-element-c0e23fb e-con-full e-flex e-con e-child\" data-id=\"c0e23fb\" data-element_type=\"container\" data-e-type=\"container\" data-settings=\"{&quot;jet_parallax_layout_list&quot;:[]}\">\n\t\t\t\t<div class=\"elementor-element elementor-element-982a2a2 elementor-widget elementor-widget-jet-posts\" data-id=\"982a2a2\" data-element_type=\"widget\" data-e-type=\"widget\" data-settings=\"{&quot;columns&quot;:&quot;1&quot;}\" data-widget_type=\"jet-posts.default\">\n\t\t\t\t<div class=\"elementor-widget-container\">\n\t\t\t\t\t<div class=\"elementor-jet-posts jet-elements\"><div class=\"jet-posts col-row \"><div class=\"jet-posts__item\">\n\t<div class=\"jet-posts__inner-box\"><div class=\"jet-posts__inner-content\"><h4 class=\"entry-title\"><a href=\"https:\/\/www.ffa-vfb.ch\/de\/erfolgreiche-zusammenarbeit-der-imkervereine-laupen-erlach-und-deutschfreiburger-seebezirk\/\" target=\"\">Erfolgreiche Zusammenarbeit der Imkervereine Laupen-Erlach und Deutschfreiburger Seebezirk<\/a><\/h4><div class=\"post-meta\"><span class=\"posted-by post-meta__item\">Posted by <a href=\"https:\/\/www.ffa-vfb.ch\/de\/author\/max-felser\/\" class=\"posted-by__author\" rel=\"author\">Max Felser<\/a><\/span><span class=\"post__date post-meta__item\"><a href=\"https:\/\/www.ffa-vfb.ch\/de\/2025\/03\/22\/\" class=\"post__date-link\"><time datetime=\"2025-03-22T17:00:49+01:00\" title=\"2025-03-22T17:00:49+01:00\">22 March 2025<\/time><\/a><\/span><span class=\"post__comments post-meta__item\">Comments: <a href=\"https:\/\/www.ffa-vfb.ch\/de\/erfolgreiche-zusammenarbeit-der-imkervereine-laupen-erlach-und-deutschfreiburger-seebezirk\/#respond\" class=\"post__comments-link\">0<\/a><\/span><\/div><div class=\"entry-excerpt\">Mit dem Ziel, in beiden Imkervereinen die Grundausbildung und die Nachwuchsf\u00f6rderung von Imkerinnen und Imkern vereins\u00fcbergreifend sicherzustellen, konnte erstmals im&hellip;<\/div><div class=\"jet-more-wrap\"><a href=\"https:\/\/www.ffa-vfb.ch\/de\/erfolgreiche-zusammenarbeit-der-imkervereine-laupen-erlach-und-deutschfreiburger-seebezirk\/\" class=\"btn btn-primary elementor-button elementor-size-md jet-more\" target=\"\"><span class=\"btn__text\">Read More<\/span><\/a><\/div><\/div><\/div>\n<\/div>\n<div class=\"jet-posts__item\">\n\t<div class=\"jet-posts__inner-box\"><div class=\"jet-posts__inner-content\"><h4 class=\"entry-title\"><a href=\"https:\/\/www.ffa-vfb.ch\/de\/kurs-ueber-die-asiatische-hornisse\/\" target=\"\">Kurs \u00fcber die Asiatische Hornisse<\/a><\/h4><div class=\"post-meta\"><span class=\"posted-by post-meta__item\">Posted by <a href=\"https:\/\/www.ffa-vfb.ch\/de\/author\/max-felser\/\" class=\"posted-by__author\" rel=\"author\">Max Felser<\/a><\/span><span class=\"post__date post-meta__item\"><a href=\"https:\/\/www.ffa-vfb.ch\/de\/2024\/11\/26\/\" class=\"post__date-link\"><time datetime=\"2024-11-26T17:00:21+01:00\" title=\"2024-11-26T17:00:21+01:00\">26 November 2024<\/time><\/a><\/span><span class=\"post__comments post-meta__item\">Comments: <a href=\"https:\/\/www.ffa-vfb.ch\/de\/kurs-ueber-die-asiatische-hornisse\/#respond\" class=\"post__comments-link\">0<\/a><\/span><\/div><div class=\"entry-excerpt\">Am Samstag 26. November 2024 haben sich in Tafers um die 20 Imker und Gemeindemitarbeiter aus dem See- und Sensebezirk&hellip;<\/div><div class=\"jet-more-wrap\"><a href=\"https:\/\/www.ffa-vfb.ch\/de\/kurs-ueber-die-asiatische-hornisse\/\" class=\"btn btn-primary elementor-button elementor-size-md jet-more\" target=\"\"><span class=\"btn__text\">Read More<\/span><\/a><\/div><\/div><\/div>\n<\/div>\n<div class=\"jet-posts__item\">\n\t<div class=\"jet-posts__inner-box\"><div class=\"jet-posts__inner-content\"><h4 class=\"entry-title\"><a href=\"https:\/\/www.ffa-vfb.ch\/de\/seminar-mit-lutz-eggert\/\" target=\"\">Seminar mit Lutz Eggert<\/a><\/h4><div class=\"post-meta\"><span class=\"posted-by post-meta__item\">Posted by <a href=\"https:\/\/www.ffa-vfb.ch\/de\/author\/max-felser\/\" class=\"posted-by__author\" rel=\"author\">Max Felser<\/a><\/span><span class=\"post__date post-meta__item\"><a href=\"https:\/\/www.ffa-vfb.ch\/de\/2024\/10\/16\/\" class=\"post__date-link\"><time datetime=\"2024-10-16T17:00:54+02:00\" title=\"2024-10-16T17:00:54+02:00\">16 October 2024<\/time><\/a><\/span><span class=\"post__comments post-meta__item\">Comments: <a href=\"https:\/\/www.ffa-vfb.ch\/de\/seminar-mit-lutz-eggert\/#respond\" class=\"post__comments-link\">0<\/a><\/span><\/div><div class=\"entry-excerpt\">Am 16. November 2024 haben wir den bekannten Imker und Zuchtexperten Lutz Eggert nach Ins ins Inforama eingeladen. Dieser Anlas&hellip;<\/div><div class=\"jet-more-wrap\"><a href=\"https:\/\/www.ffa-vfb.ch\/de\/seminar-mit-lutz-eggert\/\" class=\"btn btn-primary elementor-button elementor-size-md jet-more\" target=\"\"><span class=\"btn__text\">Read More<\/span><\/a><\/div><\/div><\/div>\n<\/div>\n<\/div>\n<\/div>\t\t\t\t<\/div>\n\t\t\t\t<\/div>\n\t\t\t\t<\/div>\n\t\t<div class=\"elementor-element elementor-element-47b4699 e-con-full e-flex e-con e-child\" data-id=\"47b4699\" data-element_type=\"container\" data-e-type=\"container\" data-settings=\"{&quot;jet_parallax_layout_list&quot;:[]}\">\n\t\t\t\t<div class=\"elementor-element elementor-element-ea39030 elementor-widget elementor-widget-heading\" data-id=\"ea39030\" data-element_type=\"widget\" data-e-type=\"widget\" data-widget_type=\"heading.default\">\n\t\t\t\t<div class=\"elementor-widget-container\">\n\t\t\t\t\t<h2 class=\"elementor-heading-title elementor-size-default\">FFA-Delegiertenversammlung<\/h2>\t\t\t\t<\/div>\n\t\t\t\t<\/div>\n\t\t\t\t<div class=\"elementor-element elementor-element-10a2fb4 elementor-widget elementor-widget-shortcode\" data-id=\"10a2fb4\" data-element_type=\"widget\" data-e-type=\"widget\" data-widget_type=\"shortcode.default\">\n\t\t\t\t<div class=\"elementor-widget-container\">\n\t\t\t\t\t\t\t<div class=\"elementor-shortcode\"><div class='w3eden'><!-- WPDM Link Template: Default Template -->\n\n<div class=\"link-template-default card mb-2\">\n    <div class=\"card-body\">\n        <div class=\"media\">\n            <div class=\"mr-3 img-48\"><img decoding=\"async\" class=\"wpdm_icon\" alt=\"Icon\" src=\"https:\/\/www.ffa-vfb.ch\/wp-content\/plugins\/download-manager\/assets\/file-type-icons\/pdf.svg\" \/><\/div>\n            <div class=\"media-body\">\n                <h3 class=\"package-title\"><a href=\"https:\/\/www.ffa-vfb.ch\/de\/download\/invitation-ad-ffa-2024-einladung-dv-vfb-2024\/\">Invitation AD FFA 2024 Einladung DV VFB 2024<\/a><\/h3>\n                <div class=\"text-muted text-small\"><i class=\"fas fa-copy\"><\/i> 1 Datei(en) <i class=\"fas fa-hdd ml-3\"><\/i> 330.19 KB<\/div>\n            <\/div>\n            <div class=\"ml-3\">\n                <a class='wpdm-download-link download-on-click btn btn-primary ' rel='nofollow' href='#' data-downloadurl=\"https:\/\/www.ffa-vfb.ch\/de\/download\/invitation-ad-ffa-2024-einladung-dv-vfb-2024\/?wpdmdl=493&refresh=69f6577cb997f1777751932\">Download<\/a>\n            <\/div>\n        <\/div>\n    <\/div>\n<\/div>\n\n<\/div><\/div>\n\t\t\t\t\t\t<\/div>\n\t\t\t\t<\/div>\n\t\t\t\t<div class=\"elementor-element elementor-element-0d67175 elementor-widget elementor-widget-text-editor\" data-id=\"0d67175\" data-element_type=\"widget\" data-e-type=\"widget\" data-widget_type=\"text-editor.default\">\n\t\t\t\t<div class=\"elementor-widget-container\">\n\t\t\t\t\t\t\t\t\t<p><b>Datum<\/b>: Samstag, 10. Februar 2024, 13:30 Uhr<\/p>\n<p><b>Ort<\/b>: Restaurant Saint-Jacques, Route de Bulle 21, 1687 Vuisternens-devant-Romont<\/p>\t\t\t\t\t\t\t\t<\/div>\n\t\t\t\t<\/div>\n\t\t\t\t<\/div>\n\t\t\t\t\t<\/div>\n\t\t\t\t<\/div>\n\t\t\t\t<\/div>\n\t\t","protected":false},"excerpt":{"rendered":"<p>Le Frelon asiatique est arriv\u00e9 dans le canton de Fribourg Posted by FFA-VFB26 novembre 2022Comments: 0Un premier nid de Frelon asiatique a \u00e9t\u00e9 d\u00e9couvert cet automne dans le canton de Fribourg, tout proche d&#8217;un rucher.&hellip;Read More FFA-Delegiertenversammlung Datum: Samstag, 10. Februar 2024, 13:30 Uhr Ort: Restaurant Saint-Jacques, Route de Bulle 21, 1687 Vuisternens-devant-Romont<\/p>\n","protected":false},"author":1,"featured_media":620,"parent":0,"menu_order":0,"comment_status":"closed","ping_status":"closed","template":"","meta":{"footnotes":""},"class_list":["post-619","page","type-page","status-publish","has-post-thumbnail","hentry"],"_links":{"self":[{"href":"https:\/\/www.ffa-vfb.ch\/de\/wp-json\/wp\/v2\/pages\/619","targetHints":{"allow":["GET"]}}],"collection":[{"href":"https:\/\/www.ffa-vfb.ch\/de\/wp-json\/wp\/v2\/pages"}],"about":[{"href":"https:\/\/www.ffa-vfb.ch\/de\/wp-json\/wp\/v2\/types\/page"}],"author":[{"embeddable":true,"href":"https:\/\/www.ffa-vfb.ch\/de\/wp-json\/wp\/v2\/users\/1"}],"replies":[{"embeddable":true,"href":"https:\/\/www.ffa-vfb.ch\/de\/wp-json\/wp\/v2\/comments?post=619"}],"version-history":[{"count":0,"href":"https:\/\/www.ffa-vfb.ch\/de\/wp-json\/wp\/v2\/pages\/619\/revisions"}],"wp:featuredmedia":[{"embeddable":true,"href":"https:\/\/www.ffa-vfb.ch\/de\/wp-json\/wp\/v2\/media\/620"}],"wp:attachment":[{"href":"https:\/\/www.ffa-vfb.ch\/de\/wp-json\/wp\/v2\/media?parent=619"}],"curies":[{"name":"wp","href":"https:\/\/api.w.org\/{rel}","templated":true}]}}