{"id":609,"date":"2024-02-06T10:08:13","date_gmt":"2024-02-06T09:08:13","guid":{"rendered":"https:\/\/ffa-vfb.ch\/zucht\/"},"modified":"2024-02-10T16:01:55","modified_gmt":"2024-02-10T15:01:55","slug":"zucht","status":"publish","type":"page","link":"https:\/\/www.ffa-vfb.ch\/de\/zucht\/","title":{"rendered":"Zucht"},"content":{"rendered":"\t\t<div data-elementor-type=\"wp-page\" data-elementor-id=\"609\" class=\"elementor elementor-609 elementor-36\" data-elementor-post-type=\"page\">\n\t\t\t\t<div class=\"elementor-element elementor-element-156830a e-flex e-con-boxed e-con e-parent\" data-id=\"156830a\" data-element_type=\"container\" data-e-type=\"container\" data-settings=\"{&quot;jet_parallax_layout_list&quot;:[]}\">\n\t\t\t\t\t<div class=\"e-con-inner\">\n\t\t\t\t<div class=\"elementor-element elementor-element-a36ca65 elementor-widget elementor-widget-heading\" data-id=\"a36ca65\" data-element_type=\"widget\" data-e-type=\"widget\" data-widget_type=\"heading.default\">\n\t\t\t\t<div class=\"elementor-widget-container\">\n\t\t\t\t\t<h2 class=\"elementor-heading-title elementor-size-default\">Carnica, Buckfast, Dunkle Biene...<\/h2>\t\t\t\t<\/div>\n\t\t\t\t<\/div>\n\t\t\t\t<div class=\"elementor-element elementor-element-ec37533 elementor-widget elementor-widget-text-editor\" data-id=\"ec37533\" data-element_type=\"widget\" data-e-type=\"widget\" data-widget_type=\"text-editor.default\">\n\t\t\t\t<div class=\"elementor-widget-container\">\n\t\t\t\t\t\t\t\t\t<p>Alle drei Bienenrassen sind in den Bienenst\u00f6cken der FFA-Mitglieder vertreten.<\/p>\n<p>Der Freiburger Zuchtleiterverband betreibt eine der 7 Carnica-Belegstellen der SAR, Soci\u00e9t\u00e9 Romande d&#8217;Apiculture (abeilles.ch). Das Belegstation liegt in Petit-Mont, in der Gemeinde Jaun in der majest\u00e4tischen Umgebung der Gastlosen-Kette.<\/p>\n<p>Weitere Informationen \u00fcber die einzelnen Stationen und die Arbeit der Z\u00fcchter der verschiedenen Rassen finden Sie, wenn Sie unten auf die Namen klicken.<\/p>\n\t\t\t\t\t\t\t\t<\/div>\n\t\t\t\t<\/div>\n\t\t\t\t\t<\/div>\n\t\t\t\t<\/div>\n\t\t<div class=\"elementor-element elementor-element-486c2d1 e-flex e-con-boxed e-con e-parent\" data-id=\"486c2d1\" data-element_type=\"container\" data-e-type=\"container\" data-settings=\"{&quot;jet_parallax_layout_list&quot;:[]}\">\n\t\t\t\t\t<div class=\"e-con-inner\">\n\t\t<div class=\"elementor-element elementor-element-d3f56e4 e-con-full e-flex e-con e-child\" data-id=\"d3f56e4\" data-element_type=\"container\" data-e-type=\"container\" data-settings=\"{&quot;background_background&quot;:&quot;classic&quot;,&quot;jet_parallax_layout_list&quot;:[]}\">\n\t\t\t\t<div class=\"elementor-element elementor-element-4a7db77 elementor-widget elementor-widget-heading\" data-id=\"4a7db77\" data-element_type=\"widget\" data-e-type=\"widget\" data-widget_type=\"heading.default\">\n\t\t\t\t<div class=\"elementor-widget-container\">\n\t\t\t\t\t<h2 class=\"elementor-heading-title elementor-size-default\"><a href=\"https:\/\/www.ffa-vfb.ch\/elevage\/carnica\/\">CARNICA<\/a><\/h2>\t\t\t\t<\/div>\n\t\t\t\t<\/div>\n\t\t\t\t<\/div>\n\t\t<div class=\"elementor-element elementor-element-41e2410 e-con-full e-flex e-con e-child\" data-id=\"41e2410\" data-element_type=\"container\" data-e-type=\"container\" data-settings=\"{&quot;background_background&quot;:&quot;classic&quot;,&quot;jet_parallax_layout_list&quot;:[]}\">\n\t\t\t\t<div class=\"elementor-element elementor-element-47dcea8 elementor-widget elementor-widget-heading\" data-id=\"47dcea8\" data-element_type=\"widget\" data-e-type=\"widget\" data-widget_type=\"heading.default\">\n\t\t\t\t<div class=\"elementor-widget-container\">\n\t\t\t\t\t<h2 class=\"elementor-heading-title elementor-size-default\"><a href=\"https:\/\/www.ffa-vfb.ch\/elevage\/buckfast\/\">BUCKFAST<\/a><\/h2>\t\t\t\t<\/div>\n\t\t\t\t<\/div>\n\t\t\t\t<\/div>\n\t\t<div class=\"elementor-element elementor-element-56deb82 e-con-full e-flex e-con e-child\" data-id=\"56deb82\" data-element_type=\"container\" data-e-type=\"container\" data-settings=\"{&quot;background_background&quot;:&quot;classic&quot;,&quot;jet_parallax_layout_list&quot;:[]}\">\n\t\t\t\t<div class=\"elementor-element elementor-element-8388028 elementor-widget elementor-widget-heading\" data-id=\"8388028\" data-element_type=\"widget\" data-e-type=\"widget\" data-widget_type=\"heading.default\">\n\t\t\t\t<div class=\"elementor-widget-container\">\n\t\t\t\t\t<h2 class=\"elementor-heading-title elementor-size-default\"><a href=\"https:\/\/mellifera.ch\/apis-mellifera-mellifera\/\" target=\"_blank\" rel=\"noopener\">Dunkle Biene<\/a><\/h2>\t\t\t\t<\/div>\n\t\t\t\t<\/div>\n\t\t\t\t<\/div>\n\t\t\t\t\t<\/div>\n\t\t\t\t<\/div>\n\t\t\t\t<\/div>\n\t\t","protected":false},"excerpt":{"rendered":"<p>Carnica, Buckfast, Dunkle Biene&#8230; Alle drei Bienenrassen sind in den Bienenst\u00f6cken der FFA-Mitglieder vertreten. Der Freiburger Zuchtleiterverband betreibt eine der 7 Carnica-Belegstellen der SAR, Soci\u00e9t\u00e9 Romande d&#8217;Apiculture (abeilles.ch). Das Belegstation liegt in Petit-Mont, in der Gemeinde Jaun in der majest\u00e4tischen Umgebung der Gastlosen-Kette. Weitere Informationen \u00fcber die einzelnen Stationen und die Arbeit der Z\u00fcchter der [&hellip;]<\/p>\n","protected":false},"author":1,"featured_media":610,"parent":0,"menu_order":0,"comment_status":"closed","ping_status":"closed","template":"","meta":{"footnotes":""},"class_list":["post-609","page","type-page","status-publish","has-post-thumbnail","hentry"],"_links":{"self":[{"href":"https:\/\/www.ffa-vfb.ch\/de\/wp-json\/wp\/v2\/pages\/609","targetHints":{"allow":["GET"]}}],"collection":[{"href":"https:\/\/www.ffa-vfb.ch\/de\/wp-json\/wp\/v2\/pages"}],"about":[{"href":"https:\/\/www.ffa-vfb.ch\/de\/wp-json\/wp\/v2\/types\/page"}],"author":[{"embeddable":true,"href":"https:\/\/www.ffa-vfb.ch\/de\/wp-json\/wp\/v2\/users\/1"}],"replies":[{"embeddable":true,"href":"https:\/\/www.ffa-vfb.ch\/de\/wp-json\/wp\/v2\/comments?post=609"}],"version-history":[{"count":0,"href":"https:\/\/www.ffa-vfb.ch\/de\/wp-json\/wp\/v2\/pages\/609\/revisions"}],"wp:featuredmedia":[{"embeddable":true,"href":"https:\/\/www.ffa-vfb.ch\/de\/wp-json\/wp\/v2\/media\/610"}],"wp:attachment":[{"href":"https:\/\/www.ffa-vfb.ch\/de\/wp-json\/wp\/v2\/media?parent=609"}],"curies":[{"name":"wp","href":"https:\/\/api.w.org\/{rel}","templated":true}]}}